{"id":2757,"date":"2022-10-24T12:45:41","date_gmt":"2022-10-24T10:45:41","guid":{"rendered":"https:\/\/www.muzard-sarl.com\/?page_id=2757"},"modified":"2024-05-30T10:58:39","modified_gmt":"2024-05-30T08:58:39","slug":"livraison","status":"publish","type":"page","link":"https:\/\/www.muzard-sarl.com\/en\/livraison\/","title":{"rendered":"Livraison"},"content":{"rendered":"<p>Attention, les livraisons sont toujours assur\u00e9es, mais les d\u00e9lais de livraison peuvent \u00eatre impact\u00e9s, ceci ind\u00e9pendamment de notre volont\u00e9. Nous ne pouvons faire aucune r\u00e9clamation aupr\u00e8s des services de La Poste\/Colissimo\/Chronopost\/Dpd, concernant les livraisons en retard. Les d\u00e9lais de livraison ne sont donc plus garantis, mais nous faisons notre maximum pour exp\u00e9dier vos commandes dans les meilleures conditions.<\/p>\n\n\n\n<p>Aussi, jusqu&rsquo;\u00e0 un retour \u00e0 la \u00ab\u00a0normale\u00a0\u00bb des services de La Poste\/Colissimo, toutes les livraisons sont effectu\u00e9es sans signature. Nous vous conseillons d&rsquo;indiquer un maximum d&rsquo;informations concernant votre adresse de livraison au besoin. Si vous \u00eates absent de votre domicile le jour de la livraison, et que votre boite aux lettres peut contenir votre colis, il sera d\u00e9pos\u00e9 et annonc\u00e9 comme &lsquo;colis livr\u00e9 dans bo\u00eetes aux lettres\u00a0\u00bb, si le colis a des dimensions trop importante, le livreur devra repr\u00e9senter votre colis le lendemain et d\u00e9poser un avis de passage. Apr\u00e8s ce d\u00e9lai votre colis devrait se trouver dans le bureau de poste le plus proche (\u00e0 confirmer aupr\u00e8s de celui-ci gr\u00e2ce \u00e0 votre num\u00e9ro de suivi).<\/p>\n\n\n\n<p>Les d\u00e9lais et la pr\u00e9sentation ou non du colis ou d&rsquo;un avis de passage est compl\u00e8tement ind\u00e9pendant de notre volont\u00e9 et nous nous excusons par avance de quelconque incident li\u00e9 \u00e0 la bonne livraison de vos produits.<\/p>\n\n\n\n<p>Chronopost continue les livraisons du lundi au vendredi mais n&rsquo;assure plus les livraisons le samedi :<br>Livraison \u00e0 domicile, le lendemain avant 13h, si commande pass\u00e9e avant 9h00. Valable uniquement pour les commandes pass\u00e9es les Lundis, Mardis, Mercredis et Jeudis.<\/p>\n\n\n\n<p>Merci de votre compr\u00e9hension.<\/p>\n\n\n\n<p>Les produits sont g\u00e9n\u00e9ralement exp\u00e9di\u00e9s dans un d\u00e9lai de deux jours ouvr\u00e9s apr\u00e8s r\u00e9ception du paiement (pour un paiement par ch\u00e8que, apr\u00e8s encaissement de celui-ci quel que soit le mode de livraison choisi).<\/p>\n\n\n\n<p>Frais de port r\u00e9duits \u00e0 partir de 30\u20ac d&rsquo;achat et offert d\u00e8s 80\u20ac d&rsquo;achat (valable en France m\u00e9tropolitaine)<\/p>","protected":false},"excerpt":{"rendered":"<p>Attention, les livraisons sont toujours assur\u00e9es, mais les d\u00e9lais de livraison peuvent \u00eatre impact\u00e9s, ceci ind\u00e9pendamment de notre volont\u00e9. Nous ne pouvons faire aucune r\u00e9clamation aupr\u00e8s des services de La &#8230;<\/p>","protected":false},"author":4,"featured_media":0,"parent":0,"menu_order":0,"comment_status":"closed","ping_status":"closed","template":"template-fullwidth.php","meta":{"_vp_format_video_url":"","_vp_image_focal_point":[]},"acf":[],"yoast_head":"<!-- This site is optimized with the Yoast SEO plugin v20.13 - https:\/\/yoast.com\/wordpress\/plugins\/seo\/ -->\n<title>Livraison - Muzard SARL<\/title>\n<meta name=\"description\" content=\"Livraison en France, en Europe et dans le Monde. Frais de port r\u00e9duits d\u00e8s 30e d&#039;achat.\" \/>\n<meta name=\"robots\" content=\"index, follow, max-snippet:-1, max-image-preview:large, max-video-preview:-1\" \/>\n<link rel=\"canonical\" href=\"https:\/\/www.muzard-sarl.com\/en\/livraison\/\" \/>\n<meta property=\"og:locale\" content=\"en_GB\" \/>\n<meta property=\"og:type\" content=\"article\" \/>\n<meta property=\"og:title\" content=\"Livraison - Muzard SARL\" \/>\n<meta property=\"og:description\" content=\"Livraison en France, en Europe et dans le Monde. Frais de port r\u00e9duits d\u00e8s 30e d&#039;achat.\" \/>\n<meta property=\"og:url\" content=\"https:\/\/www.muzard-sarl.com\/en\/livraison\/\" \/>\n<meta property=\"og:site_name\" content=\"Muzard SARL\" \/>\n<meta property=\"article:publisher\" content=\"https:\/\/www.facebook.com\/muzardSarl\/\" \/>\n<meta property=\"article:modified_time\" content=\"2024-05-30T08:58:39+00:00\" \/>\n<meta property=\"og:image\" content=\"https:\/\/www.muzard-sarl.com\/wp-content\/uploads\/2022\/12\/LOGO-MUZARD.png\" \/>\n\t<meta property=\"og:image:width\" content=\"500\" \/>\n\t<meta property=\"og:image:height\" content=\"500\" \/>\n\t<meta property=\"og:image:type\" content=\"image\/png\" \/>\n<meta name=\"twitter:card\" content=\"summary_large_image\" \/>\n<meta name=\"twitter:label1\" content=\"Estimated reading time\" \/>\n\t<meta name=\"twitter:data1\" content=\"2 minutes\" \/>\n<script type=\"application\/ld+json\" class=\"yoast-schema-graph\">{\"@context\":\"https:\/\/schema.org\",\"@graph\":[{\"@type\":\"WebPage\",\"@id\":\"https:\/\/www.muzard-sarl.com\/livraison\/\",\"url\":\"https:\/\/www.muzard-sarl.com\/livraison\/\",\"name\":\"Livraison - Muzard SARL\",\"isPartOf\":{\"@id\":\"https:\/\/www.muzard-sarl.com\/#website\"},\"datePublished\":\"2022-10-24T10:45:41+00:00\",\"dateModified\":\"2024-05-30T08:58:39+00:00\",\"description\":\"Livraison en France, en Europe et dans le Monde. Frais de port r\u00e9duits d\u00e8s 30e d'achat.\",\"breadcrumb\":{\"@id\":\"https:\/\/www.muzard-sarl.com\/livraison\/#breadcrumb\"},\"inLanguage\":\"en-GB\",\"potentialAction\":[{\"@type\":\"ReadAction\",\"target\":[\"https:\/\/www.muzard-sarl.com\/livraison\/\"]}]},{\"@type\":\"BreadcrumbList\",\"@id\":\"https:\/\/www.muzard-sarl.com\/livraison\/#breadcrumb\",\"itemListElement\":[{\"@type\":\"ListItem\",\"position\":1,\"name\":\"Accueil\",\"item\":\"https:\/\/www.muzard-sarl.com\/\"},{\"@type\":\"ListItem\",\"position\":2,\"name\":\"Livraison\"}]},{\"@type\":\"WebSite\",\"@id\":\"https:\/\/www.muzard-sarl.com\/#website\",\"url\":\"https:\/\/www.muzard-sarl.com\/\",\"name\":\"Muzard SARL\",\"description\":\"Fabricant d&#039;objets en bois et corne depuis 1990\",\"publisher\":{\"@id\":\"https:\/\/www.muzard-sarl.com\/#organization\"},\"potentialAction\":[{\"@type\":\"SearchAction\",\"target\":{\"@type\":\"EntryPoint\",\"urlTemplate\":\"https:\/\/www.muzard-sarl.com\/?s={search_term_string}\"},\"query-input\":\"required name=search_term_string\"}],\"inLanguage\":\"en-GB\"},{\"@type\":\"Organization\",\"@id\":\"https:\/\/www.muzard-sarl.com\/#organization\",\"name\":\"MUZARD SARL\",\"url\":\"https:\/\/www.muzard-sarl.com\/\",\"logo\":{\"@type\":\"ImageObject\",\"inLanguage\":\"en-GB\",\"@id\":\"https:\/\/www.muzard-sarl.com\/#\/schema\/logo\/image\/\",\"url\":\"https:\/\/www.muzard-sarl.com\/wp-content\/uploads\/2022\/04\/cropped-cropped-Logo-Muzard-SARL-Site-Muzard-ok.png\",\"contentUrl\":\"https:\/\/www.muzard-sarl.com\/wp-content\/uploads\/2022\/04\/cropped-cropped-Logo-Muzard-SARL-Site-Muzard-ok.png\",\"width\":1916,\"height\":413,\"caption\":\"MUZARD SARL\"},\"image\":{\"@id\":\"https:\/\/www.muzard-sarl.com\/#\/schema\/logo\/image\/\"},\"sameAs\":[\"https:\/\/www.facebook.com\/muzardSarl\/\",\"https:\/\/www.instagram.com\/muzard_sarl\/?hl=fr\"]}]}<\/script>\n<!-- \/ Yoast SEO plugin. -->","yoast_head_json":{"title":"Livraison - Muzard SARL","description":"Livraison en France, en Europe et dans le Monde. Frais de port r\u00e9duits d\u00e8s 30e d'achat.","robots":{"index":"index","follow":"follow","max-snippet":"max-snippet:-1","max-image-preview":"max-image-preview:large","max-video-preview":"max-video-preview:-1"},"canonical":"https:\/\/www.muzard-sarl.com\/en\/livraison\/","og_locale":"en_GB","og_type":"article","og_title":"Livraison - Muzard SARL","og_description":"Livraison en France, en Europe et dans le Monde. Frais de port r\u00e9duits d\u00e8s 30e d'achat.","og_url":"https:\/\/www.muzard-sarl.com\/en\/livraison\/","og_site_name":"Muzard SARL","article_publisher":"https:\/\/www.facebook.com\/muzardSarl\/","article_modified_time":"2024-05-30T08:58:39+00:00","og_image":[{"width":500,"height":500,"url":"https:\/\/www.muzard-sarl.com\/wp-content\/uploads\/2022\/12\/LOGO-MUZARD.png","type":"image\/png"}],"twitter_card":"summary_large_image","twitter_misc":{"Estimated reading time":"2 minutes"},"schema":{"@context":"https:\/\/schema.org","@graph":[{"@type":"WebPage","@id":"https:\/\/www.muzard-sarl.com\/livraison\/","url":"https:\/\/www.muzard-sarl.com\/livraison\/","name":"Livraison - Muzard SARL","isPartOf":{"@id":"https:\/\/www.muzard-sarl.com\/#website"},"datePublished":"2022-10-24T10:45:41+00:00","dateModified":"2024-05-30T08:58:39+00:00","description":"Livraison en France, en Europe et dans le Monde. Frais de port r\u00e9duits d\u00e8s 30e d'achat.","breadcrumb":{"@id":"https:\/\/www.muzard-sarl.com\/livraison\/#breadcrumb"},"inLanguage":"en-GB","potentialAction":[{"@type":"ReadAction","target":["https:\/\/www.muzard-sarl.com\/livraison\/"]}]},{"@type":"BreadcrumbList","@id":"https:\/\/www.muzard-sarl.com\/livraison\/#breadcrumb","itemListElement":[{"@type":"ListItem","position":1,"name":"Accueil","item":"https:\/\/www.muzard-sarl.com\/"},{"@type":"ListItem","position":2,"name":"Livraison"}]},{"@type":"WebSite","@id":"https:\/\/www.muzard-sarl.com\/#website","url":"https:\/\/www.muzard-sarl.com\/","name":"Muzard SARL","description":"Manufacturer of wooden objects and horns since 1990","publisher":{"@id":"https:\/\/www.muzard-sarl.com\/#organization"},"potentialAction":[{"@type":"SearchAction","target":{"@type":"EntryPoint","urlTemplate":"https:\/\/www.muzard-sarl.com\/?s={search_term_string}"},"query-input":"required name=search_term_string"}],"inLanguage":"en-GB"},{"@type":"Organization","@id":"https:\/\/www.muzard-sarl.com\/#organization","name":"MUZARD SARL","url":"https:\/\/www.muzard-sarl.com\/","logo":{"@type":"ImageObject","inLanguage":"en-GB","@id":"https:\/\/www.muzard-sarl.com\/#\/schema\/logo\/image\/","url":"https:\/\/www.muzard-sarl.com\/wp-content\/uploads\/2022\/04\/cropped-cropped-Logo-Muzard-SARL-Site-Muzard-ok.png","contentUrl":"https:\/\/www.muzard-sarl.com\/wp-content\/uploads\/2022\/04\/cropped-cropped-Logo-Muzard-SARL-Site-Muzard-ok.png","width":1916,"height":413,"caption":"MUZARD SARL"},"image":{"@id":"https:\/\/www.muzard-sarl.com\/#\/schema\/logo\/image\/"},"sameAs":["https:\/\/www.facebook.com\/muzardSarl\/","https:\/\/www.instagram.com\/muzard_sarl\/?hl=fr"]}]}},"_links":{"self":[{"href":"https:\/\/www.muzard-sarl.com\/en\/wp-json\/wp\/v2\/pages\/2757"}],"collection":[{"href":"https:\/\/www.muzard-sarl.com\/en\/wp-json\/wp\/v2\/pages"}],"about":[{"href":"https:\/\/www.muzard-sarl.com\/en\/wp-json\/wp\/v2\/types\/page"}],"author":[{"embeddable":true,"href":"https:\/\/www.muzard-sarl.com\/en\/wp-json\/wp\/v2\/users\/4"}],"replies":[{"embeddable":true,"href":"https:\/\/www.muzard-sarl.com\/en\/wp-json\/wp\/v2\/comments?post=2757"}],"version-history":[{"count":0,"href":"https:\/\/www.muzard-sarl.com\/en\/wp-json\/wp\/v2\/pages\/2757\/revisions"}],"wp:attachment":[{"href":"https:\/\/www.muzard-sarl.com\/en\/wp-json\/wp\/v2\/media?parent=2757"}],"curies":[{"name":"wp","href":"https:\/\/api.w.org\/{rel}","templated":true}]}}