{"id":2787,"date":"2022-10-24T13:36:09","date_gmt":"2022-10-24T11:36:09","guid":{"rendered":"https:\/\/www.muzard-sarl.com\/?page_id=2787"},"modified":"2022-10-24T14:16:32","modified_gmt":"2022-10-24T12:16:32","slug":"cornes-et-pointes-de-cornes","status":"publish","type":"page","link":"https:\/\/www.muzard-sarl.com\/en\/notre-savoir-faire\/cornes-et-pointes-de-cornes\/","title":{"rendered":"Cornes et pointes de cornes"},"content":{"rendered":"<div data-elementor-type=\"wp-post\" data-elementor-id=\"2787\" class=\"elementor elementor-2787\" data-elementor-post-type=\"page\">\n\t\t\t\t\t\t<section class=\"elementor-section elementor-top-section elementor-element elementor-element-c9fdc49 elementor-section-boxed elementor-section-height-default elementor-section-height-default\" data-id=\"c9fdc49\" data-element_type=\"section\">\n\t\t\t\t\t\t<div class=\"elementor-container elementor-column-gap-default\">\n\t\t\t\t\t<div class=\"elementor-column elementor-col-100 elementor-top-column elementor-element elementor-element-373eb78\" data-id=\"373eb78\" data-element_type=\"column\">\n\t\t\t<div class=\"elementor-widget-wrap elementor-element-populated\">\n\t\t\t\t\t\t<div class=\"elementor-element elementor-element-fdfa4a1 elementor-widget elementor-widget-text-editor\" data-id=\"fdfa4a1\" data-element_type=\"widget\" data-widget_type=\"text-editor.default\">\n\t\t\t\t<div class=\"elementor-widget-container\">\n\t\t\t\t\t\t\t<p>Cornes de bovins, b\u00e9lier, ch\u00e8vre, buffle.\u200b<\/p>\t\t\t\t\t\t<\/div>\n\t\t\t\t<\/div>\n\t\t\t\t\t<\/div>\n\t\t<\/div>\n\t\t\t\t\t<\/div>\n\t\t<\/section>\n\t\t\t\t<section class=\"elementor-section elementor-top-section elementor-element elementor-element-5a7da247 elementor-section-boxed elementor-section-height-default elementor-section-height-default\" data-id=\"5a7da247\" data-element_type=\"section\">\n\t\t\t\t\t\t<div class=\"elementor-container elementor-column-gap-default\">\n\t\t\t\t\t<div class=\"elementor-column elementor-col-100 elementor-top-column elementor-element elementor-element-48b4e22a\" data-id=\"48b4e22a\" data-element_type=\"column\">\n\t\t\t<div class=\"elementor-widget-wrap elementor-element-populated\">\n\t\t\t\t\t\t<div class=\"elementor-element elementor-element-2e908f4a elementor-arrows-position-inside elementor-widget elementor-widget-image-carousel\" data-id=\"2e908f4a\" data-element_type=\"widget\" data-settings=\"{&quot;slides_to_show&quot;:&quot;5&quot;,&quot;navigation&quot;:&quot;arrows&quot;,&quot;autoplay&quot;:&quot;yes&quot;,&quot;pause_on_hover&quot;:&quot;yes&quot;,&quot;pause_on_interaction&quot;:&quot;yes&quot;,&quot;autoplay_speed&quot;:5000,&quot;infinite&quot;:&quot;yes&quot;,&quot;speed&quot;:500}\" data-widget_type=\"image-carousel.default\">\n\t\t\t\t<div class=\"elementor-widget-container\">\n\t\t\t\t\t<div class=\"elementor-image-carousel-wrapper swiper\" dir=\"ltr\">\n\t\t\t<div class=\"elementor-image-carousel swiper-wrapper\" aria-live=\"off\">\n\t\t\t\t\t\t\t\t<div class=\"swiper-slide\" role=\"group\" aria-roledescription=\"slide\" aria-label=\"1 of 10\"><figure class=\"swiper-slide-inner\"><img decoding=\"async\" class=\"swiper-slide-image\" src=\"https:\/\/www.muzard-sarl.com\/wp-content\/uploads\/elementor\/thumbs\/Corne-de-B\u00e9lier-po0uzvfnu6a7jgip45xsrst96xoqru3vke1va8793k.png\" alt=\"Corne de B\u00e9lier\" \/><figcaption class=\"elementor-image-carousel-caption\">Corne de B\u00e9lier<\/figcaption><\/figure><\/div><div class=\"swiper-slide\" role=\"group\" aria-roledescription=\"slide\" aria-label=\"2 of 10\"><figure class=\"swiper-slide-inner\"><img decoding=\"async\" class=\"swiper-slide-image\" src=\"https:\/\/www.muzard-sarl.com\/wp-content\/uploads\/elementor\/thumbs\/Pointes-de-Corne-po0v14jwy7zz0qp5spfw3hfdpfid1b2zqld6biccsw.png\" alt=\"Pointes de Corne\" \/><figcaption class=\"elementor-image-carousel-caption\">Pointes de Corne<\/figcaption><\/figure><\/div><div class=\"swiper-slide\" role=\"group\" aria-roledescription=\"slide\" aria-label=\"3 of 10\"><figure class=\"swiper-slide-inner\"><img decoding=\"async\" class=\"swiper-slide-image\" src=\"https:\/\/www.muzard-sarl.com\/wp-content\/uploads\/elementor\/thumbs\/Pointe-de-corne-Muzard-po0v10sk6vutqaumentdtidjbw0w6io2e2r8eehxhs.png\" alt=\"Pointe de corne Muzard\" \/><figcaption class=\"elementor-image-carousel-caption\">Pointe de corne Muzard<\/figcaption><\/figure><\/div><div class=\"swiper-slide\" role=\"group\" aria-roledescription=\"slide\" aria-label=\"4 of 10\"><figure class=\"swiper-slide-inner\"><img decoding=\"async\" class=\"swiper-slide-image\" src=\"https:\/\/www.muzard-sarl.com\/wp-content\/uploads\/elementor\/thumbs\/Pointe-de-corne-d\u00e9coup\u00e9e-po0v0x17fjpofv030m6vjjboycjfbq951k5ahani6o.png\" alt=\"Pointe de corne d\u00e9coup\u00e9e\" \/><figcaption class=\"elementor-image-carousel-caption\">Pointe de corne d\u00e9coup\u00e9e<\/figcaption><\/figure><\/div><div class=\"swiper-slide\" role=\"group\" aria-roledescription=\"slide\" aria-label=\"5 of 10\"><figure class=\"swiper-slide-inner\"><img decoding=\"async\" class=\"swiper-slide-image\" src=\"https:\/\/www.muzard-sarl.com\/wp-content\/uploads\/elementor\/thumbs\/D\u00e9coupe-de-Pointe-de-Corne-po0v08lehus81zzkzbmkqphpibvvrlk4a76o03nqog.png\" alt=\"D\u00e9coupe de Pointe de Corne\" \/><figcaption class=\"elementor-image-carousel-caption\">D\u00e9coupe de Pointe de Corne<\/figcaption><\/figure><\/div><div class=\"swiper-slide\" role=\"group\" aria-roledescription=\"slide\" aria-label=\"6 of 10\"><figure class=\"swiper-slide-inner\"><img decoding=\"async\" class=\"swiper-slide-image\" src=\"https:\/\/www.muzard-sarl.com\/wp-content\/uploads\/elementor\/thumbs\/Corne-enti\u00e8re-po0v012oz6hxh4ai78dk6re0r8wy20q9l5ys5vyw28.png\" alt=\"Corne enti\u00e8re\" \/><figcaption class=\"elementor-image-carousel-caption\">Corne enti\u00e8re<\/figcaption><\/figure><\/div><div class=\"swiper-slide\" role=\"group\" aria-roledescription=\"slide\" aria-label=\"7 of 10\"><figure class=\"swiper-slide-inner\"><img decoding=\"async\" class=\"swiper-slide-image\" src=\"https:\/\/www.muzard-sarl.com\/wp-content\/uploads\/elementor\/thumbs\/Pointe-de-corne-Muzard-Sarl-pnz6h1jlvbmnfde3ycq91mca18v4dkaw06jfvyrw7k.png\" alt=\"Pointe de corne Muzard Sarl\" \/><figcaption class=\"elementor-image-carousel-caption\">Pointe de corne Muzard Sarl<\/figcaption><\/figure><\/div><div class=\"swiper-slide\" role=\"group\" aria-roledescription=\"slide\" aria-label=\"8 of 10\"><figure class=\"swiper-slide-inner\"><img decoding=\"async\" class=\"swiper-slide-image\" src=\"https:\/\/www.muzard-sarl.com\/wp-content\/uploads\/elementor\/thumbs\/Plaquette-Pointe-de-Corne-Muzard-Sarl-pnz6gxs93zhi4xjkkb3qrnafnpdnirvynnxhyuxgwg.png\" alt=\"Plaquette Pointe de Corne - Muzard Sarl\" \/><figcaption class=\"elementor-image-carousel-caption\">Plaquette Pointe de Corne - Muzard Sarl<\/figcaption><\/figure><\/div><div class=\"swiper-slide\" role=\"group\" aria-roledescription=\"slide\" aria-label=\"9 of 10\"><figure class=\"swiper-slide-inner\"><img decoding=\"async\" class=\"swiper-slide-image\" src=\"https:\/\/www.muzard-sarl.com\/wp-content\/uploads\/elementor\/thumbs\/pressage-a-chaud-2-o6qwn5f6pr6w3f0vmomxm572ucfloyku6hizxvzro0.jpg\" alt=\"corne press\u00e9 dans la machine de pressage \u00e0 chaud\" \/><figcaption class=\"elementor-image-carousel-caption\">Pressage \u00e0 chaud<\/figcaption><\/figure><\/div><div class=\"swiper-slide\" role=\"group\" aria-roledescription=\"slide\" aria-label=\"10 of 10\"><figure class=\"swiper-slide-inner\"><img decoding=\"async\" class=\"swiper-slide-image\" src=\"https:\/\/www.muzard-sarl.com\/wp-content\/uploads\/elementor\/thumbs\/horns-muzard-sarl-o6qwmwyn08vb6xd602zahpbxhvlaron95bnmmecb80.jpg\" alt=\"produits en corne et bois et plaquettes\" \/><figcaption class=\"elementor-image-carousel-caption\">Cornes et plaquettes de corne<\/figcaption><\/figure><\/div>\t\t\t<\/div>\n\t\t\t\t\t\t\t\t\t\t\t\t<div class=\"elementor-swiper-button elementor-swiper-button-prev\" role=\"button\" tabindex=\"0\">\n\t\t\t\t\t\t<i aria-hidden=\"true\" class=\"eicon-chevron-left\"><\/i>\t\t\t\t\t<\/div>\n\t\t\t\t\t<div class=\"elementor-swiper-button elementor-swiper-button-next\" role=\"button\" tabindex=\"0\">\n\t\t\t\t\t\t<i aria-hidden=\"true\" class=\"eicon-chevron-right\"><\/i>\t\t\t\t\t<\/div>\n\t\t\t\t\n\t\t\t\t\t\t\t\t\t<\/div>\n\t\t\t\t<\/div>\n\t\t\t\t<\/div>\n\t\t\t\t<div class=\"elementor-element elementor-element-6d466e3f elementor-widget elementor-widget-spacer\" data-id=\"6d466e3f\" data-element_type=\"widget\" data-widget_type=\"spacer.default\">\n\t\t\t\t<div class=\"elementor-widget-container\">\n\t\t\t\t\t<div class=\"elementor-spacer\">\n\t\t\t<div class=\"elementor-spacer-inner\"><\/div>\n\t\t<\/div>\n\t\t\t\t<\/div>\n\t\t\t\t<\/div>\n\t\t\t\t\t<\/div>\n\t\t<\/div>\n\t\t\t\t\t<\/div>\n\t\t<\/section>\n\t\t\t\t<section class=\"elementor-section elementor-top-section elementor-element elementor-element-41fbd8e8 elementor-section-boxed elementor-section-height-default elementor-section-height-default\" data-id=\"41fbd8e8\" data-element_type=\"section\">\n\t\t\t\t\t\t<div class=\"elementor-container elementor-column-gap-default\">\n\t\t\t\t\t<div class=\"elementor-column elementor-col-50 elementor-top-column elementor-element elementor-element-74d73bb1\" data-id=\"74d73bb1\" data-element_type=\"column\">\n\t\t\t<div class=\"elementor-widget-wrap elementor-element-populated\">\n\t\t\t\t\t\t<div class=\"elementor-element elementor-element-15fc1c9a elementor-widget elementor-widget-heading\" data-id=\"15fc1c9a\" data-element_type=\"widget\" data-widget_type=\"heading.default\">\n\t\t\t\t<div class=\"elementor-widget-container\">\n\t\t\t<h5 class=\"elementor-heading-title elementor-size-default\">Corne Broy\u00e9e<\/h5>\t\t<\/div>\n\t\t\t\t<\/div>\n\t\t\t\t<div class=\"elementor-element elementor-element-15523056 elementor-widget elementor-widget-text-editor\" data-id=\"15523056\" data-element_type=\"widget\" data-widget_type=\"text-editor.default\">\n\t\t\t\t<div class=\"elementor-widget-container\">\n\t\t\t\t\t\t\t<p>Engrais Naturel<\/p>\t\t\t\t\t\t<\/div>\n\t\t\t\t<\/div>\n\t\t\t\t\t<\/div>\n\t\t<\/div>\n\t\t\t\t<div class=\"elementor-column elementor-col-50 elementor-top-column elementor-element elementor-element-4a5ead53\" data-id=\"4a5ead53\" data-element_type=\"column\">\n\t\t\t<div class=\"elementor-widget-wrap elementor-element-populated\">\n\t\t\t\t\t\t<div class=\"elementor-element elementor-element-b98ac45 elementor-arrows-position-inside elementor-widget elementor-widget-image-carousel\" data-id=\"b98ac45\" data-element_type=\"widget\" data-settings=\"{&quot;slides_to_show&quot;:&quot;3&quot;,&quot;navigation&quot;:&quot;arrows&quot;,&quot;image_spacing_custom&quot;:{&quot;unit&quot;:&quot;px&quot;,&quot;size&quot;:5,&quot;sizes&quot;:[]},&quot;autoplay&quot;:&quot;yes&quot;,&quot;pause_on_hover&quot;:&quot;yes&quot;,&quot;pause_on_interaction&quot;:&quot;yes&quot;,&quot;autoplay_speed&quot;:5000,&quot;infinite&quot;:&quot;yes&quot;,&quot;speed&quot;:500,&quot;image_spacing_custom_tablet&quot;:{&quot;unit&quot;:&quot;px&quot;,&quot;size&quot;:&quot;&quot;,&quot;sizes&quot;:[]},&quot;image_spacing_custom_mobile&quot;:{&quot;unit&quot;:&quot;px&quot;,&quot;size&quot;:&quot;&quot;,&quot;sizes&quot;:[]}}\" data-widget_type=\"image-carousel.default\">\n\t\t\t\t<div class=\"elementor-widget-container\">\n\t\t\t\t\t<div class=\"elementor-image-carousel-wrapper swiper\" dir=\"ltr\">\n\t\t\t<div class=\"elementor-image-carousel swiper-wrapper\" aria-live=\"off\">\n\t\t\t\t\t\t\t\t<div class=\"swiper-slide\" role=\"group\" aria-roledescription=\"slide\" aria-label=\"1 of 3\"><figure class=\"swiper-slide-inner\"><img decoding=\"async\" class=\"swiper-slide-image\" src=\"https:\/\/www.muzard-sarl.com\/wp-content\/uploads\/elementor\/thumbs\/Corne-Broy\u00e9e-Muzard-Sarl-pnz6giqu2mwwz65f04lpnr325jfs3m899lhqafjro0.png\" alt=\"corne broy\u00e9e engrais\" \/><\/figure><\/div><div class=\"swiper-slide\" role=\"group\" aria-roledescription=\"slide\" aria-label=\"2 of 3\"><figure class=\"swiper-slide-inner\"><img decoding=\"async\" class=\"swiper-slide-image\" src=\"https:\/\/www.muzard-sarl.com\/wp-content\/uploads\/elementor\/thumbs\/Corne-broy\u00e9e-po0uztjzgi7mw8lff54jmtac05y0cfwew4qwboa1g0.png\" alt=\"Corne broy\u00e9e\" \/><\/figure><\/div><div class=\"swiper-slide\" role=\"group\" aria-roledescription=\"slide\" aria-label=\"3 of 3\"><figure class=\"swiper-slide-inner\"><img decoding=\"async\" class=\"swiper-slide-image\" src=\"https:\/\/www.muzard-sarl.com\/wp-content\/uploads\/elementor\/thumbs\/Corne-Broy\u00e9e-en-sac-po0uznwybhzwyktmc2os7upkfupt29a0vctzg0iehc.png\" alt=\"sac engrais\" \/><\/figure><\/div>\t\t\t<\/div>\n\t\t\t\t\t\t\t\t\t\t\t\t<div class=\"elementor-swiper-button elementor-swiper-button-prev\" role=\"button\" tabindex=\"0\">\n\t\t\t\t\t\t<i aria-hidden=\"true\" class=\"eicon-chevron-left\"><\/i>\t\t\t\t\t<\/div>\n\t\t\t\t\t<div class=\"elementor-swiper-button elementor-swiper-button-next\" role=\"button\" tabindex=\"0\">\n\t\t\t\t\t\t<i aria-hidden=\"true\" class=\"eicon-chevron-right\"><\/i>\t\t\t\t\t<\/div>\n\t\t\t\t\n\t\t\t\t\t\t\t\t\t<\/div>\n\t\t\t\t<\/div>\n\t\t\t\t<\/div>\n\t\t\t\t\t<\/div>\n\t\t<\/div>\n\t\t\t\t\t<\/div>\n\t\t<\/section>\n\t\t\t\t<\/div>","protected":false},"excerpt":{"rendered":"<p>Cornes de bovins, b\u00e9lier, ch\u00e8vre, buffle.\u200b Corne de B\u00e9lier Pointes de Corne Pointe de corne Muzard Pointe de corne d\u00e9coup\u00e9e D\u00e9coupe de Pointe de Corne Corne enti\u00e8re Pointe de corne &#8230;<\/p>","protected":false},"author":4,"featured_media":0,"parent":2,"menu_order":15,"comment_status":"closed","ping_status":"closed","template":"template-fullwidth.php","meta":{"_vp_format_video_url":"","_vp_image_focal_point":[]},"acf":[],"yoast_head":"<!-- This site is optimized with the Yoast SEO plugin v20.13 - https:\/\/yoast.com\/wordpress\/plugins\/seo\/ -->\n<title>Cornes et pointes de cornes - Muzard SARL<\/title>\n<meta name=\"robots\" content=\"index, follow, max-snippet:-1, max-image-preview:large, max-video-preview:-1\" \/>\n<link rel=\"canonical\" href=\"https:\/\/www.muzard-sarl.com\/en\/notre-savoir-faire\/cornes-et-pointes-de-cornes\/\" \/>\n<meta property=\"og:locale\" content=\"en_GB\" \/>\n<meta property=\"og:type\" content=\"article\" \/>\n<meta property=\"og:title\" content=\"Cornes et pointes de cornes - Muzard SARL\" \/>\n<meta property=\"og:description\" content=\"Cornes de bovins, b\u00e9lier, ch\u00e8vre, buffle.\u200b Corne de B\u00e9lier Pointes de Corne Pointe de corne Muzard Pointe de corne d\u00e9coup\u00e9e D\u00e9coupe de Pointe de Corne Corne enti\u00e8re Pointe de corne ...\" \/>\n<meta property=\"og:url\" content=\"https:\/\/www.muzard-sarl.com\/en\/notre-savoir-faire\/cornes-et-pointes-de-cornes\/\" \/>\n<meta property=\"og:site_name\" content=\"Muzard SARL\" \/>\n<meta property=\"article:publisher\" content=\"https:\/\/www.facebook.com\/muzardSarl\/\" \/>\n<meta property=\"article:modified_time\" content=\"2022-10-24T12:16:32+00:00\" \/>\n<meta property=\"og:image\" content=\"https:\/\/www.muzard-sarl.com\/wp-content\/uploads\/elementor\/thumbs\/Pointes-de-Corne-po0v14jwy7zz0qp5spfw3hfdpfid1b2zqld6biccsw.png\" \/>\n<meta name=\"twitter:card\" content=\"summary_large_image\" \/>\n<script type=\"application\/ld+json\" class=\"yoast-schema-graph\">{\"@context\":\"https:\/\/schema.org\",\"@graph\":[{\"@type\":\"WebPage\",\"@id\":\"https:\/\/www.muzard-sarl.com\/notre-savoir-faire\/cornes-et-pointes-de-cornes\/\",\"url\":\"https:\/\/www.muzard-sarl.com\/notre-savoir-faire\/cornes-et-pointes-de-cornes\/\",\"name\":\"Cornes et pointes de cornes - Muzard SARL\",\"isPartOf\":{\"@id\":\"https:\/\/www.muzard-sarl.com\/#website\"},\"datePublished\":\"2022-10-24T11:36:09+00:00\",\"dateModified\":\"2022-10-24T12:16:32+00:00\",\"breadcrumb\":{\"@id\":\"https:\/\/www.muzard-sarl.com\/notre-savoir-faire\/cornes-et-pointes-de-cornes\/#breadcrumb\"},\"inLanguage\":\"en-GB\",\"potentialAction\":[{\"@type\":\"ReadAction\",\"target\":[\"https:\/\/www.muzard-sarl.com\/notre-savoir-faire\/cornes-et-pointes-de-cornes\/\"]}]},{\"@type\":\"BreadcrumbList\",\"@id\":\"https:\/\/www.muzard-sarl.com\/notre-savoir-faire\/cornes-et-pointes-de-cornes\/#breadcrumb\",\"itemListElement\":[{\"@type\":\"ListItem\",\"position\":1,\"name\":\"Accueil\",\"item\":\"https:\/\/www.muzard-sarl.com\/\"},{\"@type\":\"ListItem\",\"position\":2,\"name\":\"Notre savoir-faire\",\"item\":\"https:\/\/www.muzard-sarl.com\/notre-savoir-faire\/\"},{\"@type\":\"ListItem\",\"position\":3,\"name\":\"Cornes et pointes de cornes\"}]},{\"@type\":\"WebSite\",\"@id\":\"https:\/\/www.muzard-sarl.com\/#website\",\"url\":\"https:\/\/www.muzard-sarl.com\/\",\"name\":\"Muzard SARL\",\"description\":\"Fabricant d&#039;objets en bois et corne depuis 1990\",\"publisher\":{\"@id\":\"https:\/\/www.muzard-sarl.com\/#organization\"},\"potentialAction\":[{\"@type\":\"SearchAction\",\"target\":{\"@type\":\"EntryPoint\",\"urlTemplate\":\"https:\/\/www.muzard-sarl.com\/?s={search_term_string}\"},\"query-input\":\"required name=search_term_string\"}],\"inLanguage\":\"en-GB\"},{\"@type\":\"Organization\",\"@id\":\"https:\/\/www.muzard-sarl.com\/#organization\",\"name\":\"MUZARD SARL\",\"url\":\"https:\/\/www.muzard-sarl.com\/\",\"logo\":{\"@type\":\"ImageObject\",\"inLanguage\":\"en-GB\",\"@id\":\"https:\/\/www.muzard-sarl.com\/#\/schema\/logo\/image\/\",\"url\":\"https:\/\/www.muzard-sarl.com\/wp-content\/uploads\/2022\/04\/cropped-cropped-Logo-Muzard-SARL-Site-Muzard-ok.png\",\"contentUrl\":\"https:\/\/www.muzard-sarl.com\/wp-content\/uploads\/2022\/04\/cropped-cropped-Logo-Muzard-SARL-Site-Muzard-ok.png\",\"width\":1916,\"height\":413,\"caption\":\"MUZARD SARL\"},\"image\":{\"@id\":\"https:\/\/www.muzard-sarl.com\/#\/schema\/logo\/image\/\"},\"sameAs\":[\"https:\/\/www.facebook.com\/muzardSarl\/\",\"https:\/\/www.instagram.com\/muzard_sarl\/?hl=fr\"]}]}<\/script>\n<!-- \/ Yoast SEO plugin. -->","yoast_head_json":{"title":"Cornes et pointes de cornes - Muzard SARL","robots":{"index":"index","follow":"follow","max-snippet":"max-snippet:-1","max-image-preview":"max-image-preview:large","max-video-preview":"max-video-preview:-1"},"canonical":"https:\/\/www.muzard-sarl.com\/en\/notre-savoir-faire\/cornes-et-pointes-de-cornes\/","og_locale":"en_GB","og_type":"article","og_title":"Cornes et pointes de cornes - Muzard SARL","og_description":"Cornes de bovins, b\u00e9lier, ch\u00e8vre, buffle.\u200b Corne de B\u00e9lier Pointes de Corne Pointe de corne Muzard Pointe de corne d\u00e9coup\u00e9e D\u00e9coupe de Pointe de Corne Corne enti\u00e8re Pointe de corne ...","og_url":"https:\/\/www.muzard-sarl.com\/en\/notre-savoir-faire\/cornes-et-pointes-de-cornes\/","og_site_name":"Muzard SARL","article_publisher":"https:\/\/www.facebook.com\/muzardSarl\/","article_modified_time":"2022-10-24T12:16:32+00:00","og_image":[{"url":"https:\/\/www.muzard-sarl.com\/wp-content\/uploads\/elementor\/thumbs\/Pointes-de-Corne-po0v14jwy7zz0qp5spfw3hfdpfid1b2zqld6biccsw.png"}],"twitter_card":"summary_large_image","schema":{"@context":"https:\/\/schema.org","@graph":[{"@type":"WebPage","@id":"https:\/\/www.muzard-sarl.com\/notre-savoir-faire\/cornes-et-pointes-de-cornes\/","url":"https:\/\/www.muzard-sarl.com\/notre-savoir-faire\/cornes-et-pointes-de-cornes\/","name":"Cornes et pointes de cornes - Muzard SARL","isPartOf":{"@id":"https:\/\/www.muzard-sarl.com\/#website"},"datePublished":"2022-10-24T11:36:09+00:00","dateModified":"2022-10-24T12:16:32+00:00","breadcrumb":{"@id":"https:\/\/www.muzard-sarl.com\/notre-savoir-faire\/cornes-et-pointes-de-cornes\/#breadcrumb"},"inLanguage":"en-GB","potentialAction":[{"@type":"ReadAction","target":["https:\/\/www.muzard-sarl.com\/notre-savoir-faire\/cornes-et-pointes-de-cornes\/"]}]},{"@type":"BreadcrumbList","@id":"https:\/\/www.muzard-sarl.com\/notre-savoir-faire\/cornes-et-pointes-de-cornes\/#breadcrumb","itemListElement":[{"@type":"ListItem","position":1,"name":"Accueil","item":"https:\/\/www.muzard-sarl.com\/"},{"@type":"ListItem","position":2,"name":"Notre savoir-faire","item":"https:\/\/www.muzard-sarl.com\/notre-savoir-faire\/"},{"@type":"ListItem","position":3,"name":"Cornes et pointes de cornes"}]},{"@type":"WebSite","@id":"https:\/\/www.muzard-sarl.com\/#website","url":"https:\/\/www.muzard-sarl.com\/","name":"Muzard SARL","description":"Manufacturer of wooden objects and horns since 1990","publisher":{"@id":"https:\/\/www.muzard-sarl.com\/#organization"},"potentialAction":[{"@type":"SearchAction","target":{"@type":"EntryPoint","urlTemplate":"https:\/\/www.muzard-sarl.com\/?s={search_term_string}"},"query-input":"required name=search_term_string"}],"inLanguage":"en-GB"},{"@type":"Organization","@id":"https:\/\/www.muzard-sarl.com\/#organization","name":"MUZARD SARL","url":"https:\/\/www.muzard-sarl.com\/","logo":{"@type":"ImageObject","inLanguage":"en-GB","@id":"https:\/\/www.muzard-sarl.com\/#\/schema\/logo\/image\/","url":"https:\/\/www.muzard-sarl.com\/wp-content\/uploads\/2022\/04\/cropped-cropped-Logo-Muzard-SARL-Site-Muzard-ok.png","contentUrl":"https:\/\/www.muzard-sarl.com\/wp-content\/uploads\/2022\/04\/cropped-cropped-Logo-Muzard-SARL-Site-Muzard-ok.png","width":1916,"height":413,"caption":"MUZARD SARL"},"image":{"@id":"https:\/\/www.muzard-sarl.com\/#\/schema\/logo\/image\/"},"sameAs":["https:\/\/www.facebook.com\/muzardSarl\/","https:\/\/www.instagram.com\/muzard_sarl\/?hl=fr"]}]}},"_links":{"self":[{"href":"https:\/\/www.muzard-sarl.com\/en\/wp-json\/wp\/v2\/pages\/2787"}],"collection":[{"href":"https:\/\/www.muzard-sarl.com\/en\/wp-json\/wp\/v2\/pages"}],"about":[{"href":"https:\/\/www.muzard-sarl.com\/en\/wp-json\/wp\/v2\/types\/page"}],"author":[{"embeddable":true,"href":"https:\/\/www.muzard-sarl.com\/en\/wp-json\/wp\/v2\/users\/4"}],"replies":[{"embeddable":true,"href":"https:\/\/www.muzard-sarl.com\/en\/wp-json\/wp\/v2\/comments?post=2787"}],"version-history":[{"count":0,"href":"https:\/\/www.muzard-sarl.com\/en\/wp-json\/wp\/v2\/pages\/2787\/revisions"}],"up":[{"embeddable":true,"href":"https:\/\/www.muzard-sarl.com\/en\/wp-json\/wp\/v2\/pages\/2"}],"wp:attachment":[{"href":"https:\/\/www.muzard-sarl.com\/en\/wp-json\/wp\/v2\/media?parent=2787"}],"curies":[{"name":"wp","href":"https:\/\/api.w.org\/{rel}","templated":true}]}}