{"id":2789,"date":"2022-10-24T13:43:25","date_gmt":"2022-10-24T11:43:25","guid":{"rendered":"https:\/\/www.muzard-sarl.com\/?page_id=2789"},"modified":"2022-10-24T14:15:10","modified_gmt":"2022-10-24T12:15:10","slug":"technique-tournage","status":"publish","type":"page","link":"https:\/\/www.muzard-sarl.com\/en\/notre-savoir-faire\/technique-tournage\/","title":{"rendered":"Tournage"},"content":{"rendered":"<div data-elementor-type=\"wp-post\" data-elementor-id=\"2789\" class=\"elementor elementor-2789\" data-elementor-post-type=\"page\">\n\t\t\t\t\t\t<section class=\"elementor-section elementor-top-section elementor-element elementor-element-c9fdc49 elementor-section-boxed elementor-section-height-default elementor-section-height-default\" data-id=\"c9fdc49\" data-element_type=\"section\">\n\t\t\t\t\t\t<div class=\"elementor-container elementor-column-gap-default\">\n\t\t\t\t\t<div class=\"elementor-column elementor-col-100 elementor-top-column elementor-element elementor-element-373eb78\" data-id=\"373eb78\" data-element_type=\"column\">\n\t\t\t<div class=\"elementor-widget-wrap elementor-element-populated\">\n\t\t\t\t\t\t<div class=\"elementor-element elementor-element-c6ee316 elementor-widget elementor-widget-text-editor\" data-id=\"c6ee316\" data-element_type=\"widget\" data-widget_type=\"text-editor.default\">\n\t\t\t\t<div class=\"elementor-widget-container\">\n\t\t\t\t\t\t\t<p>\u00a0<\/p><p>Vos manches en bois ou en corne selon votre mod\u00e8le.<\/p>\t\t\t\t\t\t<\/div>\n\t\t\t\t<\/div>\n\t\t\t\t\t<\/div>\n\t\t<\/div>\n\t\t\t\t\t<\/div>\n\t\t<\/section>\n\t\t\t\t<section class=\"elementor-section elementor-top-section elementor-element elementor-element-4f040511 elementor-section-boxed elementor-section-height-default elementor-section-height-default\" data-id=\"4f040511\" data-element_type=\"section\">\n\t\t\t\t\t\t<div class=\"elementor-container elementor-column-gap-default\">\n\t\t\t\t\t<div class=\"elementor-column elementor-col-100 elementor-top-column elementor-element elementor-element-679416ce\" data-id=\"679416ce\" data-element_type=\"column\">\n\t\t\t<div class=\"elementor-widget-wrap elementor-element-populated\">\n\t\t\t\t\t\t<div class=\"elementor-element elementor-element-38679833 elementor-arrows-position-inside elementor-widget elementor-widget-image-carousel\" data-id=\"38679833\" data-element_type=\"widget\" data-settings=\"{&quot;slides_to_show&quot;:&quot;5&quot;,&quot;navigation&quot;:&quot;arrows&quot;,&quot;autoplay&quot;:&quot;yes&quot;,&quot;pause_on_hover&quot;:&quot;yes&quot;,&quot;pause_on_interaction&quot;:&quot;yes&quot;,&quot;autoplay_speed&quot;:5000,&quot;infinite&quot;:&quot;yes&quot;,&quot;speed&quot;:500}\" data-widget_type=\"image-carousel.default\">\n\t\t\t\t<div class=\"elementor-widget-container\">\n\t\t\t\t\t<div class=\"elementor-image-carousel-wrapper swiper\" dir=\"ltr\">\n\t\t\t<div class=\"elementor-image-carousel swiper-wrapper\" aria-live=\"off\">\n\t\t\t\t\t\t\t\t<div class=\"swiper-slide\" role=\"group\" aria-roledescription=\"slide\" aria-label=\"1 of 7\"><figure class=\"swiper-slide-inner\"><img decoding=\"async\" class=\"swiper-slide-image\" src=\"https:\/\/www.muzard-sarl.com\/wp-content\/uploads\/elementor\/thumbs\/ambiance-fabrication-couleur-scaled-prt2qh3220ue9i5t17u2kwpjq13uzu8ktji7eel6fk.jpg\" alt=\"tournage de manche en bois gentleman barbier pour rasoir\" \/><figcaption class=\"elementor-image-carousel-caption\">fabrication manche en bois muzard sarl<\/figcaption><\/figure><\/div><div class=\"swiper-slide\" role=\"group\" aria-roledescription=\"slide\" aria-label=\"2 of 7\"><figure class=\"swiper-slide-inner\"><img decoding=\"async\" class=\"swiper-slide-image\" src=\"https:\/\/www.muzard-sarl.com\/wp-content\/uploads\/elementor\/thumbs\/Manche-de-blaireau-po0v09j8ootidly7tu17b7963pr8zanumbu5hdmci8.png\" alt=\"Manche de blaireau\" \/><figcaption class=\"elementor-image-carousel-caption\">Manche de blaireau<\/figcaption><\/figure><\/div><div class=\"swiper-slide\" role=\"group\" aria-roledescription=\"slide\" aria-label=\"3 of 7\"><figure class=\"swiper-slide-inner\"><img decoding=\"async\" class=\"swiper-slide-image\" src=\"https:\/\/www.muzard-sarl.com\/wp-content\/uploads\/elementor\/thumbs\/Fabrication-blaireaux-de-rasage-et-rasoir-de-s\u00e9curit\u00e9-fabriqu\u00e9-par-Muzrad-sarl-pour-gentleman-barbier-owsqgkelp4yhkhskv09jfrvbon9fg18bnr7vgwm380.jpg\" alt=\"Blaireau et rasoirs de s\u00e9curit\u00e9 gentleman barbier en palissandre\" \/><figcaption class=\"elementor-image-carousel-caption\">Fabrication blaireaux de rasage et rasoir<\/figcaption><\/figure><\/div><div class=\"swiper-slide\" role=\"group\" aria-roledescription=\"slide\" aria-label=\"4 of 7\"><figure class=\"swiper-slide-inner\"><img decoding=\"async\" class=\"swiper-slide-image\" src=\"https:\/\/www.muzard-sarl.com\/wp-content\/uploads\/elementor\/thumbs\/poncage-o6qwmv2ymksqjpfwb261cpt0b3ukcafsh2cnnuf3kg.jpg\" alt=\"pon\u00e7age d&#039;un blaireau avec les mains\" \/><figcaption class=\"elementor-image-carousel-caption\">Sanding<\/figcaption><\/figure><\/div><div class=\"swiper-slide\" role=\"group\" aria-roledescription=\"slide\" aria-label=\"5 of 7\"><figure class=\"swiper-slide-inner\"><img decoding=\"async\" class=\"swiper-slide-image\" src=\"https:\/\/www.muzard-sarl.com\/wp-content\/uploads\/elementor\/thumbs\/Fabrication-blaireaux-de-rasage-et-rasoir-de-s\u00e9curit\u00e9-en-thuya-fabriqu\u00e9-par-Muzrad-sarl-pour-gentleman-barbier-fabriqu\u00e9-en-france-owsq7rmzpywuvwkp8pc9lhszhsmqe1as47d8qnnrgw.jpg\" alt=\"rasoir de suret\u00e9 en thuya\" \/><figcaption class=\"elementor-image-carousel-caption\">Fabrication blaireaux de rasage et rasoir<\/figcaption><\/figure><\/div><div class=\"swiper-slide\" role=\"group\" aria-roledescription=\"slide\" aria-label=\"6 of 7\"><figure class=\"swiper-slide-inner\"><img decoding=\"async\" class=\"swiper-slide-image\" src=\"https:\/\/www.muzard-sarl.com\/wp-content\/uploads\/elementor\/thumbs\/tournage-o6qwndvqf9igzwol9aakql286t9wm8if7ned9dn840.jpg\" alt=\"tournage d&#039;un blaireau en bois\" \/><figcaption class=\"elementor-image-carousel-caption\">Tournage<\/figcaption><\/figure><\/div><div class=\"swiper-slide\" role=\"group\" aria-roledescription=\"slide\" aria-label=\"7 of 7\"><figure class=\"swiper-slide-inner\"><img decoding=\"async\" class=\"swiper-slide-image\" src=\"https:\/\/www.muzard-sarl.com\/wp-content\/uploads\/elementor\/thumbs\/tournage-avant-apres-o6qwncxw8fh6oapyervy63arlfejejeoviqvs3oma8.jpg\" alt=\"produit de bois morta avant et apr\u00e8s\" \/><figcaption class=\"elementor-image-carousel-caption\">tournage-avant-apres<\/figcaption><\/figure><\/div>\t\t\t<\/div>\n\t\t\t\t\t\t\t\t\t\t\t\t<div class=\"elementor-swiper-button elementor-swiper-button-prev\" role=\"button\" tabindex=\"0\">\n\t\t\t\t\t\t<i aria-hidden=\"true\" class=\"eicon-chevron-left\"><\/i>\t\t\t\t\t<\/div>\n\t\t\t\t\t<div class=\"elementor-swiper-button elementor-swiper-button-next\" role=\"button\" tabindex=\"0\">\n\t\t\t\t\t\t<i aria-hidden=\"true\" class=\"eicon-chevron-right\"><\/i>\t\t\t\t\t<\/div>\n\t\t\t\t\n\t\t\t\t\t\t\t\t\t<\/div>\n\t\t\t\t<\/div>\n\t\t\t\t<\/div>\n\t\t\t\t<div class=\"elementor-element elementor-element-668d487 elementor-widget elementor-widget-spacer\" data-id=\"668d487\" data-element_type=\"widget\" data-widget_type=\"spacer.default\">\n\t\t\t\t<div class=\"elementor-widget-container\">\n\t\t\t\t\t<div class=\"elementor-spacer\">\n\t\t\t<div class=\"elementor-spacer-inner\"><\/div>\n\t\t<\/div>\n\t\t\t\t<\/div>\n\t\t\t\t<\/div>\n\t\t\t\t\t<\/div>\n\t\t<\/div>\n\t\t\t\t\t<\/div>\n\t\t<\/section>\n\t\t\t\t<\/div>","protected":false},"excerpt":{"rendered":"<p>\u00a0 Vos manches en bois ou en corne selon votre mod\u00e8le. fabrication manche en bois muzard sarl Manche de blaireau Fabrication blaireaux de rasage et rasoir Pon\u00e7age Fabrication blaireaux de &#8230;<\/p>","protected":false},"author":4,"featured_media":0,"parent":2,"menu_order":15,"comment_status":"closed","ping_status":"closed","template":"template-fullwidth-stretched.php","meta":{"_vp_format_video_url":"","_vp_image_focal_point":[]},"acf":[],"yoast_head":"<!-- This site is optimized with the Yoast SEO plugin v20.13 - https:\/\/yoast.com\/wordpress\/plugins\/seo\/ -->\n<title>Tournage - Muzard SARL<\/title>\n<meta name=\"robots\" content=\"index, follow, max-snippet:-1, max-image-preview:large, max-video-preview:-1\" \/>\n<link rel=\"canonical\" href=\"https:\/\/www.muzard-sarl.com\/en\/notre-savoir-faire\/technique-tournage\/\" \/>\n<meta property=\"og:locale\" content=\"en_GB\" \/>\n<meta property=\"og:type\" content=\"article\" \/>\n<meta property=\"og:title\" content=\"Tournage - Muzard SARL\" \/>\n<meta property=\"og:description\" content=\"\u00a0 Vos manches en bois ou en corne selon votre mod\u00e8le. fabrication manche en bois muzard sarl Manche de blaireau Fabrication blaireaux de rasage et rasoir Pon\u00e7age Fabrication blaireaux de ...\" \/>\n<meta property=\"og:url\" content=\"https:\/\/www.muzard-sarl.com\/en\/notre-savoir-faire\/technique-tournage\/\" \/>\n<meta property=\"og:site_name\" content=\"Muzard SARL\" \/>\n<meta property=\"article:publisher\" content=\"https:\/\/www.facebook.com\/muzardSarl\/\" \/>\n<meta property=\"article:modified_time\" content=\"2022-10-24T12:15:10+00:00\" \/>\n<meta property=\"og:image\" content=\"https:\/\/www.muzard-sarl.com\/wp-content\/uploads\/elementor\/thumbs\/ambiance-fabrication-couleur-scaled-prt2qh3220ue9i5t17u2kwpjq13uzu8ktji7eel6fk.jpg\" \/>\n<meta name=\"twitter:card\" content=\"summary_large_image\" \/>\n<script type=\"application\/ld+json\" class=\"yoast-schema-graph\">{\"@context\":\"https:\/\/schema.org\",\"@graph\":[{\"@type\":\"WebPage\",\"@id\":\"https:\/\/www.muzard-sarl.com\/notre-savoir-faire\/technique-tournage\/\",\"url\":\"https:\/\/www.muzard-sarl.com\/notre-savoir-faire\/technique-tournage\/\",\"name\":\"Tournage - Muzard SARL\",\"isPartOf\":{\"@id\":\"https:\/\/www.muzard-sarl.com\/#website\"},\"datePublished\":\"2022-10-24T11:43:25+00:00\",\"dateModified\":\"2022-10-24T12:15:10+00:00\",\"breadcrumb\":{\"@id\":\"https:\/\/www.muzard-sarl.com\/notre-savoir-faire\/technique-tournage\/#breadcrumb\"},\"inLanguage\":\"en-GB\",\"potentialAction\":[{\"@type\":\"ReadAction\",\"target\":[\"https:\/\/www.muzard-sarl.com\/notre-savoir-faire\/technique-tournage\/\"]}]},{\"@type\":\"BreadcrumbList\",\"@id\":\"https:\/\/www.muzard-sarl.com\/notre-savoir-faire\/technique-tournage\/#breadcrumb\",\"itemListElement\":[{\"@type\":\"ListItem\",\"position\":1,\"name\":\"Accueil\",\"item\":\"https:\/\/www.muzard-sarl.com\/\"},{\"@type\":\"ListItem\",\"position\":2,\"name\":\"Notre savoir-faire\",\"item\":\"https:\/\/www.muzard-sarl.com\/notre-savoir-faire\/\"},{\"@type\":\"ListItem\",\"position\":3,\"name\":\"Tournage\"}]},{\"@type\":\"WebSite\",\"@id\":\"https:\/\/www.muzard-sarl.com\/#website\",\"url\":\"https:\/\/www.muzard-sarl.com\/\",\"name\":\"Muzard SARL\",\"description\":\"Fabricant d&#039;objets en bois et corne depuis 1990\",\"publisher\":{\"@id\":\"https:\/\/www.muzard-sarl.com\/#organization\"},\"potentialAction\":[{\"@type\":\"SearchAction\",\"target\":{\"@type\":\"EntryPoint\",\"urlTemplate\":\"https:\/\/www.muzard-sarl.com\/?s={search_term_string}\"},\"query-input\":\"required name=search_term_string\"}],\"inLanguage\":\"en-GB\"},{\"@type\":\"Organization\",\"@id\":\"https:\/\/www.muzard-sarl.com\/#organization\",\"name\":\"MUZARD SARL\",\"url\":\"https:\/\/www.muzard-sarl.com\/\",\"logo\":{\"@type\":\"ImageObject\",\"inLanguage\":\"en-GB\",\"@id\":\"https:\/\/www.muzard-sarl.com\/#\/schema\/logo\/image\/\",\"url\":\"https:\/\/www.muzard-sarl.com\/wp-content\/uploads\/2022\/04\/cropped-cropped-Logo-Muzard-SARL-Site-Muzard-ok.png\",\"contentUrl\":\"https:\/\/www.muzard-sarl.com\/wp-content\/uploads\/2022\/04\/cropped-cropped-Logo-Muzard-SARL-Site-Muzard-ok.png\",\"width\":1916,\"height\":413,\"caption\":\"MUZARD SARL\"},\"image\":{\"@id\":\"https:\/\/www.muzard-sarl.com\/#\/schema\/logo\/image\/\"},\"sameAs\":[\"https:\/\/www.facebook.com\/muzardSarl\/\",\"https:\/\/www.instagram.com\/muzard_sarl\/?hl=fr\"]}]}<\/script>\n<!-- \/ Yoast SEO plugin. -->","yoast_head_json":{"title":"Tournage - Muzard SARL","robots":{"index":"index","follow":"follow","max-snippet":"max-snippet:-1","max-image-preview":"max-image-preview:large","max-video-preview":"max-video-preview:-1"},"canonical":"https:\/\/www.muzard-sarl.com\/en\/notre-savoir-faire\/technique-tournage\/","og_locale":"en_GB","og_type":"article","og_title":"Tournage - Muzard SARL","og_description":"\u00a0 Vos manches en bois ou en corne selon votre mod\u00e8le. fabrication manche en bois muzard sarl Manche de blaireau Fabrication blaireaux de rasage et rasoir Pon\u00e7age Fabrication blaireaux de ...","og_url":"https:\/\/www.muzard-sarl.com\/en\/notre-savoir-faire\/technique-tournage\/","og_site_name":"Muzard SARL","article_publisher":"https:\/\/www.facebook.com\/muzardSarl\/","article_modified_time":"2022-10-24T12:15:10+00:00","og_image":[{"url":"https:\/\/www.muzard-sarl.com\/wp-content\/uploads\/elementor\/thumbs\/ambiance-fabrication-couleur-scaled-prt2qh3220ue9i5t17u2kwpjq13uzu8ktji7eel6fk.jpg"}],"twitter_card":"summary_large_image","schema":{"@context":"https:\/\/schema.org","@graph":[{"@type":"WebPage","@id":"https:\/\/www.muzard-sarl.com\/notre-savoir-faire\/technique-tournage\/","url":"https:\/\/www.muzard-sarl.com\/notre-savoir-faire\/technique-tournage\/","name":"Tournage - Muzard SARL","isPartOf":{"@id":"https:\/\/www.muzard-sarl.com\/#website"},"datePublished":"2022-10-24T11:43:25+00:00","dateModified":"2022-10-24T12:15:10+00:00","breadcrumb":{"@id":"https:\/\/www.muzard-sarl.com\/notre-savoir-faire\/technique-tournage\/#breadcrumb"},"inLanguage":"en-GB","potentialAction":[{"@type":"ReadAction","target":["https:\/\/www.muzard-sarl.com\/notre-savoir-faire\/technique-tournage\/"]}]},{"@type":"BreadcrumbList","@id":"https:\/\/www.muzard-sarl.com\/notre-savoir-faire\/technique-tournage\/#breadcrumb","itemListElement":[{"@type":"ListItem","position":1,"name":"Accueil","item":"https:\/\/www.muzard-sarl.com\/"},{"@type":"ListItem","position":2,"name":"Notre savoir-faire","item":"https:\/\/www.muzard-sarl.com\/notre-savoir-faire\/"},{"@type":"ListItem","position":3,"name":"Tournage"}]},{"@type":"WebSite","@id":"https:\/\/www.muzard-sarl.com\/#website","url":"https:\/\/www.muzard-sarl.com\/","name":"Muzard SARL","description":"Manufacturer of wooden objects and horns since 1990","publisher":{"@id":"https:\/\/www.muzard-sarl.com\/#organization"},"potentialAction":[{"@type":"SearchAction","target":{"@type":"EntryPoint","urlTemplate":"https:\/\/www.muzard-sarl.com\/?s={search_term_string}"},"query-input":"required name=search_term_string"}],"inLanguage":"en-GB"},{"@type":"Organization","@id":"https:\/\/www.muzard-sarl.com\/#organization","name":"MUZARD SARL","url":"https:\/\/www.muzard-sarl.com\/","logo":{"@type":"ImageObject","inLanguage":"en-GB","@id":"https:\/\/www.muzard-sarl.com\/#\/schema\/logo\/image\/","url":"https:\/\/www.muzard-sarl.com\/wp-content\/uploads\/2022\/04\/cropped-cropped-Logo-Muzard-SARL-Site-Muzard-ok.png","contentUrl":"https:\/\/www.muzard-sarl.com\/wp-content\/uploads\/2022\/04\/cropped-cropped-Logo-Muzard-SARL-Site-Muzard-ok.png","width":1916,"height":413,"caption":"MUZARD SARL"},"image":{"@id":"https:\/\/www.muzard-sarl.com\/#\/schema\/logo\/image\/"},"sameAs":["https:\/\/www.facebook.com\/muzardSarl\/","https:\/\/www.instagram.com\/muzard_sarl\/?hl=fr"]}]}},"_links":{"self":[{"href":"https:\/\/www.muzard-sarl.com\/en\/wp-json\/wp\/v2\/pages\/2789"}],"collection":[{"href":"https:\/\/www.muzard-sarl.com\/en\/wp-json\/wp\/v2\/pages"}],"about":[{"href":"https:\/\/www.muzard-sarl.com\/en\/wp-json\/wp\/v2\/types\/page"}],"author":[{"embeddable":true,"href":"https:\/\/www.muzard-sarl.com\/en\/wp-json\/wp\/v2\/users\/4"}],"replies":[{"embeddable":true,"href":"https:\/\/www.muzard-sarl.com\/en\/wp-json\/wp\/v2\/comments?post=2789"}],"version-history":[{"count":0,"href":"https:\/\/www.muzard-sarl.com\/en\/wp-json\/wp\/v2\/pages\/2789\/revisions"}],"up":[{"embeddable":true,"href":"https:\/\/www.muzard-sarl.com\/en\/wp-json\/wp\/v2\/pages\/2"}],"wp:attachment":[{"href":"https:\/\/www.muzard-sarl.com\/en\/wp-json\/wp\/v2\/media?parent=2789"}],"curies":[{"name":"wp","href":"https:\/\/api.w.org\/{rel}","templated":true}]}}