{"id":2791,"date":"2022-10-24T13:43:43","date_gmt":"2022-10-24T11:43:43","guid":{"rendered":"https:\/\/www.muzard-sarl.com\/?page_id=2791"},"modified":"2022-10-24T14:13:15","modified_gmt":"2022-10-24T12:13:15","slug":"manches-de-couteaux-faconnes","status":"publish","type":"page","link":"https:\/\/www.muzard-sarl.com\/en\/notre-savoir-faire\/manches-de-couteaux-faconnes\/","title":{"rendered":"Manches de couteaux fa\u00e7onn\u00e9s"},"content":{"rendered":"<div data-elementor-type=\"wp-post\" data-elementor-id=\"2791\" class=\"elementor elementor-2791\" data-elementor-post-type=\"page\">\n\t\t\t\t\t\t<section class=\"elementor-section elementor-top-section elementor-element elementor-element-c9fdc49 elementor-section-boxed elementor-section-height-default elementor-section-height-default\" data-id=\"c9fdc49\" data-element_type=\"section\">\n\t\t\t\t\t\t<div class=\"elementor-container elementor-column-gap-default\">\n\t\t\t\t\t<div class=\"elementor-column elementor-col-100 elementor-top-column elementor-element elementor-element-373eb78\" data-id=\"373eb78\" data-element_type=\"column\">\n\t\t\t<div class=\"elementor-widget-wrap elementor-element-populated\">\n\t\t\t\t\t\t<div class=\"elementor-element elementor-element-1ac4784 elementor-widget elementor-widget-text-editor\" data-id=\"1ac4784\" data-element_type=\"widget\" data-widget_type=\"text-editor.default\">\n\t\t\t\t<div class=\"elementor-widget-container\">\n\t\t\t\t\t\t\t<p>En bois et en corne selon votre mod\u00e8le.\u00a0<\/p>\t\t\t\t\t\t<\/div>\n\t\t\t\t<\/div>\n\t\t\t\t\t<\/div>\n\t\t<\/div>\n\t\t\t\t\t<\/div>\n\t\t<\/section>\n\t\t\t\t<section class=\"elementor-section elementor-top-section elementor-element elementor-element-1362b894 elementor-section-boxed elementor-section-height-default elementor-section-height-default\" data-id=\"1362b894\" data-element_type=\"section\">\n\t\t\t\t\t\t<div class=\"elementor-container elementor-column-gap-default\">\n\t\t\t\t\t<div class=\"elementor-column elementor-col-100 elementor-top-column elementor-element elementor-element-11d75bdd\" data-id=\"11d75bdd\" data-element_type=\"column\">\n\t\t\t<div class=\"elementor-widget-wrap elementor-element-populated\">\n\t\t\t\t\t\t<div class=\"elementor-element elementor-element-62a7de28 elementor-arrows-position-inside elementor-widget elementor-widget-image-carousel\" data-id=\"62a7de28\" data-element_type=\"widget\" data-settings=\"{&quot;slides_to_show&quot;:&quot;5&quot;,&quot;navigation&quot;:&quot;arrows&quot;,&quot;autoplay&quot;:&quot;yes&quot;,&quot;pause_on_hover&quot;:&quot;yes&quot;,&quot;pause_on_interaction&quot;:&quot;yes&quot;,&quot;autoplay_speed&quot;:5000,&quot;infinite&quot;:&quot;yes&quot;,&quot;speed&quot;:500}\" data-widget_type=\"image-carousel.default\">\n\t\t\t\t<div class=\"elementor-widget-container\">\n\t\t\t\t\t<div class=\"elementor-image-carousel-wrapper swiper\" dir=\"ltr\">\n\t\t\t<div class=\"elementor-image-carousel swiper-wrapper\" aria-live=\"off\">\n\t\t\t\t\t\t\t\t<div class=\"swiper-slide\" role=\"group\" aria-roledescription=\"slide\" aria-label=\"1 of 5\"><figure class=\"swiper-slide-inner\"><img decoding=\"async\" class=\"swiper-slide-image\" src=\"https:\/\/www.muzard-sarl.com\/wp-content\/uploads\/elementor\/thumbs\/Manche-fa\u00e7onn\u00e9s-b\u00e9lir-po0v0jvgrv7nxbj75gi3kmn8mycabyswbr0hrf70ls.png\" alt=\"Manche fa\u00e7onn\u00e9s b\u00e9lir\" \/><figcaption class=\"elementor-image-carousel-caption\">Manche fa\u00e7onn\u00e9s b\u00e9lir<\/figcaption><\/figure><\/div><div class=\"swiper-slide\" role=\"group\" aria-roledescription=\"slide\" aria-label=\"2 of 5\"><figure class=\"swiper-slide-inner\"><img decoding=\"async\" class=\"swiper-slide-image\" src=\"https:\/\/www.muzard-sarl.com\/wp-content\/uploads\/elementor\/thumbs\/Manches-fa\u00e7onn\u00e9s-berger-po0v0qgc3pgo6l9n31chk2zgsnfutuj0onkw4cx9e8.png\" alt=\"Manches fa\u00e7onn\u00e9s berger\" \/><figcaption class=\"elementor-image-carousel-caption\">Manches fa\u00e7onn\u00e9s berger<\/figcaption><\/figure><\/div><div class=\"swiper-slide\" role=\"group\" aria-roledescription=\"slide\" aria-label=\"3 of 5\"><figure class=\"swiper-slide-inner\"><img decoding=\"async\" class=\"swiper-slide-image\" src=\"https:\/\/www.muzard-sarl.com\/wp-content\/uploads\/elementor\/thumbs\/Manches-fa\u00e7onn\u00e9s-bois-pnz5wuyd4e004spit4nn07oyuece3j6dka93x2p7tc.png\" alt=\"Manches fa\u00e7onn\u00e9s en bois\" \/><figcaption class=\"elementor-image-carousel-caption\">Manches fa\u00e7onn\u00e9s en bois<\/figcaption><\/figure><\/div><div class=\"swiper-slide\" role=\"group\" aria-roledescription=\"slide\" aria-label=\"4 of 5\"><figure class=\"swiper-slide-inner\"><img decoding=\"async\" class=\"swiper-slide-image\" src=\"https:\/\/www.muzard-sarl.com\/wp-content\/uploads\/elementor\/thumbs\/Manches-bergers-fa\u00e7onn\u00e9s-pnz5wpbbzdsa74xpq27vl947a346tcjzjic71exkuo.png\" alt=\"Manches bergers fa\u00e7onn\u00e9s\" \/><figcaption class=\"elementor-image-carousel-caption\">Manches bergers fa\u00e7onn\u00e9s<\/figcaption><\/figure><\/div><div class=\"swiper-slide\" role=\"group\" aria-roledescription=\"slide\" aria-label=\"5 of 5\"><figure class=\"swiper-slide-inner\"><img decoding=\"async\" class=\"swiper-slide-image\" src=\"https:\/\/www.muzard-sarl.com\/wp-content\/uploads\/elementor\/thumbs\/usinage-o6qwmt7a8wq5whimm1cs7qa34c3tww8bst1opahvww.jpg\" alt=\"bois avant et apr\u00e8s usinage\" \/><figcaption class=\"elementor-image-carousel-caption\">Usinage<\/figcaption><\/figure><\/div>\t\t\t<\/div>\n\t\t\t\t\t\t\t\t\t\t\t\t<div class=\"elementor-swiper-button elementor-swiper-button-prev\" role=\"button\" tabindex=\"0\">\n\t\t\t\t\t\t<i aria-hidden=\"true\" class=\"eicon-chevron-left\"><\/i>\t\t\t\t\t<\/div>\n\t\t\t\t\t<div class=\"elementor-swiper-button elementor-swiper-button-next\" role=\"button\" tabindex=\"0\">\n\t\t\t\t\t\t<i aria-hidden=\"true\" class=\"eicon-chevron-right\"><\/i>\t\t\t\t\t<\/div>\n\t\t\t\t\n\t\t\t\t\t\t\t\t\t<\/div>\n\t\t\t\t<\/div>\n\t\t\t\t<\/div>\n\t\t\t\t<div class=\"elementor-element elementor-element-334bd2e2 elementor-widget elementor-widget-spacer\" data-id=\"334bd2e2\" data-element_type=\"widget\" data-widget_type=\"spacer.default\">\n\t\t\t\t<div class=\"elementor-widget-container\">\n\t\t\t\t\t<div class=\"elementor-spacer\">\n\t\t\t<div class=\"elementor-spacer-inner\"><\/div>\n\t\t<\/div>\n\t\t\t\t<\/div>\n\t\t\t\t<\/div>\n\t\t\t\t\t<\/div>\n\t\t<\/div>\n\t\t\t\t\t<\/div>\n\t\t<\/section>\n\t\t\t\t<\/div>","protected":false},"excerpt":{"rendered":"<p>En bois et en corne selon votre mod\u00e8le.\u00a0 Manche fa\u00e7onn\u00e9s b\u00e9lir Manches fa\u00e7onn\u00e9s berger Manches fa\u00e7onn\u00e9s en bois Manches bergers fa\u00e7onn\u00e9s Usinage<\/p>","protected":false},"author":4,"featured_media":0,"parent":2,"menu_order":15,"comment_status":"closed","ping_status":"closed","template":"template-fullwidth.php","meta":{"_vp_format_video_url":"","_vp_image_focal_point":[]},"acf":[],"yoast_head":"<!-- This site is optimized with the Yoast SEO plugin v20.13 - https:\/\/yoast.com\/wordpress\/plugins\/seo\/ -->\n<title>Manches de couteaux fa\u00e7onn\u00e9s - Muzard SARL<\/title>\n<meta name=\"robots\" content=\"index, follow, max-snippet:-1, max-image-preview:large, max-video-preview:-1\" \/>\n<link rel=\"canonical\" href=\"https:\/\/www.muzard-sarl.com\/en\/notre-savoir-faire\/manches-de-couteaux-faconnes\/\" \/>\n<meta property=\"og:locale\" content=\"en_GB\" \/>\n<meta property=\"og:type\" content=\"article\" \/>\n<meta property=\"og:title\" content=\"Manches de couteaux fa\u00e7onn\u00e9s - Muzard SARL\" \/>\n<meta property=\"og:description\" content=\"En bois et en corne selon votre mod\u00e8le.\u00a0 Manche fa\u00e7onn\u00e9s b\u00e9lir Manches fa\u00e7onn\u00e9s berger Manches fa\u00e7onn\u00e9s en bois Manches bergers fa\u00e7onn\u00e9s Usinage\" \/>\n<meta property=\"og:url\" content=\"https:\/\/www.muzard-sarl.com\/en\/notre-savoir-faire\/manches-de-couteaux-faconnes\/\" \/>\n<meta property=\"og:site_name\" content=\"Muzard SARL\" \/>\n<meta property=\"article:publisher\" content=\"https:\/\/www.facebook.com\/muzardSarl\/\" \/>\n<meta property=\"article:modified_time\" content=\"2022-10-24T12:13:15+00:00\" \/>\n<meta property=\"og:image\" content=\"https:\/\/www.muzard-sarl.com\/wp-content\/uploads\/elementor\/thumbs\/usinage-o6qwmt7a8wq5whimm1cs7qa34c3tww8bst1opahvww.jpg\" \/>\n<meta name=\"twitter:card\" content=\"summary_large_image\" \/>\n<script type=\"application\/ld+json\" class=\"yoast-schema-graph\">{\"@context\":\"https:\/\/schema.org\",\"@graph\":[{\"@type\":\"WebPage\",\"@id\":\"https:\/\/www.muzard-sarl.com\/notre-savoir-faire\/manches-de-couteaux-faconnes\/\",\"url\":\"https:\/\/www.muzard-sarl.com\/notre-savoir-faire\/manches-de-couteaux-faconnes\/\",\"name\":\"Manches de couteaux fa\u00e7onn\u00e9s - Muzard SARL\",\"isPartOf\":{\"@id\":\"https:\/\/www.muzard-sarl.com\/#website\"},\"datePublished\":\"2022-10-24T11:43:43+00:00\",\"dateModified\":\"2022-10-24T12:13:15+00:00\",\"breadcrumb\":{\"@id\":\"https:\/\/www.muzard-sarl.com\/notre-savoir-faire\/manches-de-couteaux-faconnes\/#breadcrumb\"},\"inLanguage\":\"en-GB\",\"potentialAction\":[{\"@type\":\"ReadAction\",\"target\":[\"https:\/\/www.muzard-sarl.com\/notre-savoir-faire\/manches-de-couteaux-faconnes\/\"]}]},{\"@type\":\"BreadcrumbList\",\"@id\":\"https:\/\/www.muzard-sarl.com\/notre-savoir-faire\/manches-de-couteaux-faconnes\/#breadcrumb\",\"itemListElement\":[{\"@type\":\"ListItem\",\"position\":1,\"name\":\"Accueil\",\"item\":\"https:\/\/www.muzard-sarl.com\/\"},{\"@type\":\"ListItem\",\"position\":2,\"name\":\"Notre savoir-faire\",\"item\":\"https:\/\/www.muzard-sarl.com\/notre-savoir-faire\/\"},{\"@type\":\"ListItem\",\"position\":3,\"name\":\"Manches de couteaux fa\u00e7onn\u00e9s\"}]},{\"@type\":\"WebSite\",\"@id\":\"https:\/\/www.muzard-sarl.com\/#website\",\"url\":\"https:\/\/www.muzard-sarl.com\/\",\"name\":\"Muzard SARL\",\"description\":\"Fabricant d&#039;objets en bois et corne depuis 1990\",\"publisher\":{\"@id\":\"https:\/\/www.muzard-sarl.com\/#organization\"},\"potentialAction\":[{\"@type\":\"SearchAction\",\"target\":{\"@type\":\"EntryPoint\",\"urlTemplate\":\"https:\/\/www.muzard-sarl.com\/?s={search_term_string}\"},\"query-input\":\"required name=search_term_string\"}],\"inLanguage\":\"en-GB\"},{\"@type\":\"Organization\",\"@id\":\"https:\/\/www.muzard-sarl.com\/#organization\",\"name\":\"MUZARD SARL\",\"url\":\"https:\/\/www.muzard-sarl.com\/\",\"logo\":{\"@type\":\"ImageObject\",\"inLanguage\":\"en-GB\",\"@id\":\"https:\/\/www.muzard-sarl.com\/#\/schema\/logo\/image\/\",\"url\":\"https:\/\/www.muzard-sarl.com\/wp-content\/uploads\/2022\/04\/cropped-cropped-Logo-Muzard-SARL-Site-Muzard-ok.png\",\"contentUrl\":\"https:\/\/www.muzard-sarl.com\/wp-content\/uploads\/2022\/04\/cropped-cropped-Logo-Muzard-SARL-Site-Muzard-ok.png\",\"width\":1916,\"height\":413,\"caption\":\"MUZARD SARL\"},\"image\":{\"@id\":\"https:\/\/www.muzard-sarl.com\/#\/schema\/logo\/image\/\"},\"sameAs\":[\"https:\/\/www.facebook.com\/muzardSarl\/\",\"https:\/\/www.instagram.com\/muzard_sarl\/?hl=fr\"]}]}<\/script>\n<!-- \/ Yoast SEO plugin. -->","yoast_head_json":{"title":"Manches de couteaux fa\u00e7onn\u00e9s - Muzard SARL","robots":{"index":"index","follow":"follow","max-snippet":"max-snippet:-1","max-image-preview":"max-image-preview:large","max-video-preview":"max-video-preview:-1"},"canonical":"https:\/\/www.muzard-sarl.com\/en\/notre-savoir-faire\/manches-de-couteaux-faconnes\/","og_locale":"en_GB","og_type":"article","og_title":"Manches de couteaux fa\u00e7onn\u00e9s - Muzard SARL","og_description":"En bois et en corne selon votre mod\u00e8le.\u00a0 Manche fa\u00e7onn\u00e9s b\u00e9lir Manches fa\u00e7onn\u00e9s berger Manches fa\u00e7onn\u00e9s en bois Manches bergers fa\u00e7onn\u00e9s Usinage","og_url":"https:\/\/www.muzard-sarl.com\/en\/notre-savoir-faire\/manches-de-couteaux-faconnes\/","og_site_name":"Muzard SARL","article_publisher":"https:\/\/www.facebook.com\/muzardSarl\/","article_modified_time":"2022-10-24T12:13:15+00:00","og_image":[{"url":"https:\/\/www.muzard-sarl.com\/wp-content\/uploads\/elementor\/thumbs\/usinage-o6qwmt7a8wq5whimm1cs7qa34c3tww8bst1opahvww.jpg"}],"twitter_card":"summary_large_image","schema":{"@context":"https:\/\/schema.org","@graph":[{"@type":"WebPage","@id":"https:\/\/www.muzard-sarl.com\/notre-savoir-faire\/manches-de-couteaux-faconnes\/","url":"https:\/\/www.muzard-sarl.com\/notre-savoir-faire\/manches-de-couteaux-faconnes\/","name":"Manches de couteaux fa\u00e7onn\u00e9s - Muzard SARL","isPartOf":{"@id":"https:\/\/www.muzard-sarl.com\/#website"},"datePublished":"2022-10-24T11:43:43+00:00","dateModified":"2022-10-24T12:13:15+00:00","breadcrumb":{"@id":"https:\/\/www.muzard-sarl.com\/notre-savoir-faire\/manches-de-couteaux-faconnes\/#breadcrumb"},"inLanguage":"en-GB","potentialAction":[{"@type":"ReadAction","target":["https:\/\/www.muzard-sarl.com\/notre-savoir-faire\/manches-de-couteaux-faconnes\/"]}]},{"@type":"BreadcrumbList","@id":"https:\/\/www.muzard-sarl.com\/notre-savoir-faire\/manches-de-couteaux-faconnes\/#breadcrumb","itemListElement":[{"@type":"ListItem","position":1,"name":"Accueil","item":"https:\/\/www.muzard-sarl.com\/"},{"@type":"ListItem","position":2,"name":"Notre savoir-faire","item":"https:\/\/www.muzard-sarl.com\/notre-savoir-faire\/"},{"@type":"ListItem","position":3,"name":"Manches de couteaux fa\u00e7onn\u00e9s"}]},{"@type":"WebSite","@id":"https:\/\/www.muzard-sarl.com\/#website","url":"https:\/\/www.muzard-sarl.com\/","name":"Muzard SARL","description":"Manufacturer of wooden objects and horns since 1990","publisher":{"@id":"https:\/\/www.muzard-sarl.com\/#organization"},"potentialAction":[{"@type":"SearchAction","target":{"@type":"EntryPoint","urlTemplate":"https:\/\/www.muzard-sarl.com\/?s={search_term_string}"},"query-input":"required name=search_term_string"}],"inLanguage":"en-GB"},{"@type":"Organization","@id":"https:\/\/www.muzard-sarl.com\/#organization","name":"MUZARD SARL","url":"https:\/\/www.muzard-sarl.com\/","logo":{"@type":"ImageObject","inLanguage":"en-GB","@id":"https:\/\/www.muzard-sarl.com\/#\/schema\/logo\/image\/","url":"https:\/\/www.muzard-sarl.com\/wp-content\/uploads\/2022\/04\/cropped-cropped-Logo-Muzard-SARL-Site-Muzard-ok.png","contentUrl":"https:\/\/www.muzard-sarl.com\/wp-content\/uploads\/2022\/04\/cropped-cropped-Logo-Muzard-SARL-Site-Muzard-ok.png","width":1916,"height":413,"caption":"MUZARD SARL"},"image":{"@id":"https:\/\/www.muzard-sarl.com\/#\/schema\/logo\/image\/"},"sameAs":["https:\/\/www.facebook.com\/muzardSarl\/","https:\/\/www.instagram.com\/muzard_sarl\/?hl=fr"]}]}},"_links":{"self":[{"href":"https:\/\/www.muzard-sarl.com\/en\/wp-json\/wp\/v2\/pages\/2791"}],"collection":[{"href":"https:\/\/www.muzard-sarl.com\/en\/wp-json\/wp\/v2\/pages"}],"about":[{"href":"https:\/\/www.muzard-sarl.com\/en\/wp-json\/wp\/v2\/types\/page"}],"author":[{"embeddable":true,"href":"https:\/\/www.muzard-sarl.com\/en\/wp-json\/wp\/v2\/users\/4"}],"replies":[{"embeddable":true,"href":"https:\/\/www.muzard-sarl.com\/en\/wp-json\/wp\/v2\/comments?post=2791"}],"version-history":[{"count":0,"href":"https:\/\/www.muzard-sarl.com\/en\/wp-json\/wp\/v2\/pages\/2791\/revisions"}],"up":[{"embeddable":true,"href":"https:\/\/www.muzard-sarl.com\/en\/wp-json\/wp\/v2\/pages\/2"}],"wp:attachment":[{"href":"https:\/\/www.muzard-sarl.com\/en\/wp-json\/wp\/v2\/media?parent=2791"}],"curies":[{"name":"wp","href":"https:\/\/api.w.org\/{rel}","templated":true}]}}