{"id":2513,"date":"2022-10-11T10:00:18","date_gmt":"2022-10-11T08:00:18","guid":{"rendered":"https:\/\/www.muzard-sarl.com\/?post_type=product&#038;p=2513"},"modified":"2024-04-10T14:23:01","modified_gmt":"2024-04-10T12:23:01","slug":"carrelet-ebene-du-mozambique","status":"publish","type":"product","link":"https:\/\/www.muzard-sarl.com\/en\/product\/carrelet-ebene-du-mozambique\/","title":{"rendered":"Carrelet Eb\u00e8ne du Mozambique"},"content":{"rendered":"<p>L\u2019\u00e9b\u00e8ne du Mozambique, appel\u00e9 aussi\u00a0<i>Grenadille<\/i>, est un arbre provenant des r\u00e9gions s\u00e8ches d\u2019Afrique centrale et australe.<\/p>\n<p>Atteignant 15 \u00e0 25 m\u00e8tres de haut cet arbre a \u00e9t\u00e9 tr\u00e8s utilis\u00e9 d\u00e8s l\u2019antiquit\u00e9 en \u00c9gypte pour la fabrication de mobilier, sculptures religieuses ou autres objets de prestige.<\/p>\n<p>&nbsp;<\/p>","protected":false},"excerpt":{"rendered":"<p>Dimensions : 130 x 35 x 30 mm<\/p>","protected":false},"featured_media":9495,"comment_status":"closed","ping_status":"closed","template":"","meta":{"_vp_format_video_url":"","_vp_image_focal_point":[]},"product_cat":[43,92],"product_tag":[],"acf":[],"yoast_head":"<!-- This site is optimized with the Yoast SEO plugin v20.13 - https:\/\/yoast.com\/wordpress\/plugins\/seo\/ -->\n<title>Carrelet Eb\u00e8ne du Mozambique - Muzard SARL<\/title>\n<meta name=\"description\" content=\"Carrelet Eb\u00e8ne du Mozambique - Muzard SARL Id\u00e9al pour la fabrication de votre manche de couteau. Des reflets mauves peuvent apparaitre.\" \/>\n<meta name=\"robots\" content=\"index, follow, max-snippet:-1, max-image-preview:large, max-video-preview:-1\" \/>\n<link rel=\"canonical\" href=\"https:\/\/www.muzard-sarl.com\/en\/product\/carrelet-ebene-du-mozambique\/\" \/>\n<meta property=\"og:locale\" content=\"en_GB\" \/>\n<meta property=\"og:type\" content=\"article\" \/>\n<meta property=\"og:title\" content=\"Carrelet Eb\u00e8ne du Mozambique - Muzard SARL\" \/>\n<meta property=\"og:description\" content=\"Carrelet Eb\u00e8ne du Mozambique - Muzard SARL Id\u00e9al pour la fabrication de votre manche de couteau. Des reflets mauves peuvent apparaitre.\" \/>\n<meta property=\"og:url\" content=\"https:\/\/www.muzard-sarl.com\/en\/product\/carrelet-ebene-du-mozambique\/\" \/>\n<meta property=\"og:site_name\" content=\"Muzard SARL\" \/>\n<meta property=\"article:publisher\" content=\"https:\/\/www.facebook.com\/muzardSarl\/\" \/>\n<meta property=\"article:modified_time\" content=\"2024-04-10T12:23:01+00:00\" \/>\n<meta property=\"og:image\" content=\"https:\/\/www.muzard-sarl.com\/wp-content\/uploads\/2022\/10\/plaquettes-ebene-mozambique-.png\" \/>\n\t<meta property=\"og:image:width\" content=\"1000\" \/>\n\t<meta property=\"og:image:height\" content=\"1000\" \/>\n\t<meta property=\"og:image:type\" content=\"image\/png\" \/>\n<meta name=\"twitter:card\" content=\"summary_large_image\" \/>\n<meta name=\"twitter:label1\" content=\"Estimated reading time\" \/>\n\t<meta name=\"twitter:data1\" content=\"1 minute\" \/>\n<script type=\"application\/ld+json\" class=\"yoast-schema-graph\">{\"@context\":\"https:\/\/schema.org\",\"@graph\":[{\"@type\":\"WebPage\",\"@id\":\"https:\/\/www.muzard-sarl.com\/produit\/carrelet-ebene-du-mozambique\/\",\"url\":\"https:\/\/www.muzard-sarl.com\/produit\/carrelet-ebene-du-mozambique\/\",\"name\":\"Carrelet Eb\u00e8ne du Mozambique - Muzard SARL\",\"isPartOf\":{\"@id\":\"https:\/\/www.muzard-sarl.com\/#website\"},\"datePublished\":\"2022-10-11T08:00:18+00:00\",\"dateModified\":\"2024-04-10T12:23:01+00:00\",\"description\":\"Carrelet Eb\u00e8ne du Mozambique - Muzard SARL Id\u00e9al pour la fabrication de votre manche de couteau. Des reflets mauves peuvent apparaitre.\",\"breadcrumb\":{\"@id\":\"https:\/\/www.muzard-sarl.com\/produit\/carrelet-ebene-du-mozambique\/#breadcrumb\"},\"inLanguage\":\"en-GB\",\"potentialAction\":[{\"@type\":\"ReadAction\",\"target\":[\"https:\/\/www.muzard-sarl.com\/produit\/carrelet-ebene-du-mozambique\/\"]}]},{\"@type\":\"BreadcrumbList\",\"@id\":\"https:\/\/www.muzard-sarl.com\/produit\/carrelet-ebene-du-mozambique\/#breadcrumb\",\"itemListElement\":[{\"@type\":\"ListItem\",\"position\":1,\"name\":\"Accueil\",\"item\":\"https:\/\/www.muzard-sarl.com\/\"},{\"@type\":\"ListItem\",\"position\":2,\"name\":\"Boutique Mat\u00e9riaux de Coutellerie\",\"item\":\"https:\/\/www.muzard-sarl.com\/boutique-en-ligne-materiaux-metier-dart\/\"},{\"@type\":\"ListItem\",\"position\":3,\"name\":\"Plaquettes et carrelets en Bois\",\"item\":\"https:\/\/www.muzard-sarl.com\/categorie-produit\/plaquettes-et-carrelets-en-bois\/\"},{\"@type\":\"ListItem\",\"position\":4,\"name\":\"Carrelet Eb\u00e8ne du Mozambique\"}]},{\"@type\":\"WebSite\",\"@id\":\"https:\/\/www.muzard-sarl.com\/#website\",\"url\":\"https:\/\/www.muzard-sarl.com\/\",\"name\":\"Muzard SARL\",\"description\":\"Fabricant d&#039;objets en bois et corne depuis 1990\",\"publisher\":{\"@id\":\"https:\/\/www.muzard-sarl.com\/#organization\"},\"potentialAction\":[{\"@type\":\"SearchAction\",\"target\":{\"@type\":\"EntryPoint\",\"urlTemplate\":\"https:\/\/www.muzard-sarl.com\/?s={search_term_string}\"},\"query-input\":\"required name=search_term_string\"}],\"inLanguage\":\"en-GB\"},{\"@type\":\"Organization\",\"@id\":\"https:\/\/www.muzard-sarl.com\/#organization\",\"name\":\"MUZARD SARL\",\"url\":\"https:\/\/www.muzard-sarl.com\/\",\"logo\":{\"@type\":\"ImageObject\",\"inLanguage\":\"en-GB\",\"@id\":\"https:\/\/www.muzard-sarl.com\/#\/schema\/logo\/image\/\",\"url\":\"https:\/\/www.muzard-sarl.com\/wp-content\/uploads\/2022\/04\/cropped-cropped-Logo-Muzard-SARL-Site-Muzard-ok.png\",\"contentUrl\":\"https:\/\/www.muzard-sarl.com\/wp-content\/uploads\/2022\/04\/cropped-cropped-Logo-Muzard-SARL-Site-Muzard-ok.png\",\"width\":1916,\"height\":413,\"caption\":\"MUZARD SARL\"},\"image\":{\"@id\":\"https:\/\/www.muzard-sarl.com\/#\/schema\/logo\/image\/\"},\"sameAs\":[\"https:\/\/www.facebook.com\/muzardSarl\/\",\"https:\/\/www.instagram.com\/muzard_sarl\/?hl=fr\"]}]}<\/script>\n<!-- \/ Yoast SEO plugin. -->","yoast_head_json":{"title":"Carrelet Eb\u00e8ne du Mozambique - Muzard SARL","description":"Carrelet Eb\u00e8ne du Mozambique - Muzard SARL Id\u00e9al pour la fabrication de votre manche de couteau. Des reflets mauves peuvent apparaitre.","robots":{"index":"index","follow":"follow","max-snippet":"max-snippet:-1","max-image-preview":"max-image-preview:large","max-video-preview":"max-video-preview:-1"},"canonical":"https:\/\/www.muzard-sarl.com\/en\/product\/carrelet-ebene-du-mozambique\/","og_locale":"en_GB","og_type":"article","og_title":"Carrelet Eb\u00e8ne du Mozambique - Muzard SARL","og_description":"Carrelet Eb\u00e8ne du Mozambique - Muzard SARL Id\u00e9al pour la fabrication de votre manche de couteau. Des reflets mauves peuvent apparaitre.","og_url":"https:\/\/www.muzard-sarl.com\/en\/product\/carrelet-ebene-du-mozambique\/","og_site_name":"Muzard SARL","article_publisher":"https:\/\/www.facebook.com\/muzardSarl\/","article_modified_time":"2024-04-10T12:23:01+00:00","og_image":[{"width":1000,"height":1000,"url":"https:\/\/www.muzard-sarl.com\/wp-content\/uploads\/2022\/10\/plaquettes-ebene-mozambique-.png","type":"image\/png"}],"twitter_card":"summary_large_image","twitter_misc":{"Estimated reading time":"1 minute"},"schema":{"@context":"https:\/\/schema.org","@graph":[{"@type":"WebPage","@id":"https:\/\/www.muzard-sarl.com\/produit\/carrelet-ebene-du-mozambique\/","url":"https:\/\/www.muzard-sarl.com\/produit\/carrelet-ebene-du-mozambique\/","name":"Carrelet Eb\u00e8ne du Mozambique - Muzard SARL","isPartOf":{"@id":"https:\/\/www.muzard-sarl.com\/#website"},"datePublished":"2022-10-11T08:00:18+00:00","dateModified":"2024-04-10T12:23:01+00:00","description":"Carrelet Eb\u00e8ne du Mozambique - Muzard SARL Id\u00e9al pour la fabrication de votre manche de couteau. Des reflets mauves peuvent apparaitre.","breadcrumb":{"@id":"https:\/\/www.muzard-sarl.com\/produit\/carrelet-ebene-du-mozambique\/#breadcrumb"},"inLanguage":"en-GB","potentialAction":[{"@type":"ReadAction","target":["https:\/\/www.muzard-sarl.com\/produit\/carrelet-ebene-du-mozambique\/"]}]},{"@type":"BreadcrumbList","@id":"https:\/\/www.muzard-sarl.com\/produit\/carrelet-ebene-du-mozambique\/#breadcrumb","itemListElement":[{"@type":"ListItem","position":1,"name":"Accueil","item":"https:\/\/www.muzard-sarl.com\/"},{"@type":"ListItem","position":2,"name":"Boutique Mat\u00e9riaux de Coutellerie","item":"https:\/\/www.muzard-sarl.com\/boutique-en-ligne-materiaux-metier-dart\/"},{"@type":"ListItem","position":3,"name":"Plaquettes et carrelets en Bois","item":"https:\/\/www.muzard-sarl.com\/categorie-produit\/plaquettes-et-carrelets-en-bois\/"},{"@type":"ListItem","position":4,"name":"Carrelet Eb\u00e8ne du Mozambique"}]},{"@type":"WebSite","@id":"https:\/\/www.muzard-sarl.com\/#website","url":"https:\/\/www.muzard-sarl.com\/","name":"Muzard SARL","description":"Manufacturer of wooden objects and horns since 1990","publisher":{"@id":"https:\/\/www.muzard-sarl.com\/#organization"},"potentialAction":[{"@type":"SearchAction","target":{"@type":"EntryPoint","urlTemplate":"https:\/\/www.muzard-sarl.com\/?s={search_term_string}"},"query-input":"required name=search_term_string"}],"inLanguage":"en-GB"},{"@type":"Organization","@id":"https:\/\/www.muzard-sarl.com\/#organization","name":"MUZARD SARL","url":"https:\/\/www.muzard-sarl.com\/","logo":{"@type":"ImageObject","inLanguage":"en-GB","@id":"https:\/\/www.muzard-sarl.com\/#\/schema\/logo\/image\/","url":"https:\/\/www.muzard-sarl.com\/wp-content\/uploads\/2022\/04\/cropped-cropped-Logo-Muzard-SARL-Site-Muzard-ok.png","contentUrl":"https:\/\/www.muzard-sarl.com\/wp-content\/uploads\/2022\/04\/cropped-cropped-Logo-Muzard-SARL-Site-Muzard-ok.png","width":1916,"height":413,"caption":"MUZARD SARL"},"image":{"@id":"https:\/\/www.muzard-sarl.com\/#\/schema\/logo\/image\/"},"sameAs":["https:\/\/www.facebook.com\/muzardSarl\/","https:\/\/www.instagram.com\/muzard_sarl\/?hl=fr"]}]}},"_links":{"self":[{"href":"https:\/\/www.muzard-sarl.com\/en\/wp-json\/wp\/v2\/product\/2513"}],"collection":[{"href":"https:\/\/www.muzard-sarl.com\/en\/wp-json\/wp\/v2\/product"}],"about":[{"href":"https:\/\/www.muzard-sarl.com\/en\/wp-json\/wp\/v2\/types\/product"}],"replies":[{"embeddable":true,"href":"https:\/\/www.muzard-sarl.com\/en\/wp-json\/wp\/v2\/comments?post=2513"}],"wp:featuredmedia":[{"embeddable":true,"href":"https:\/\/www.muzard-sarl.com\/en\/wp-json\/wp\/v2\/media\/9495"}],"wp:attachment":[{"href":"https:\/\/www.muzard-sarl.com\/en\/wp-json\/wp\/v2\/media?parent=2513"}],"wp:term":[{"taxonomy":"product_cat","embeddable":true,"href":"https:\/\/www.muzard-sarl.com\/en\/wp-json\/wp\/v2\/product_cat?post=2513"},{"taxonomy":"product_tag","embeddable":true,"href":"https:\/\/www.muzard-sarl.com\/en\/wp-json\/wp\/v2\/product_tag?post=2513"}],"curies":[{"name":"wp","href":"https:\/\/api.w.org\/{rel}","templated":true}]}}