{"id":3123,"date":"2022-11-15T11:47:20","date_gmt":"2022-11-15T10:47:20","guid":{"rendered":"https:\/\/www.muzard-sarl.com\/?post_type=product&#038;p=3123"},"modified":"2026-02-03T15:37:15","modified_gmt":"2026-02-03T14:37:15","slug":"manche-fendu-bois-de-violette","status":"publish","type":"product","link":"https:\/\/www.muzard-sarl.com\/en\/product\/manche-fendu-bois-de-violette\/","title":{"rendered":"Manche fendu Bois de Violette"},"content":{"rendered":"<p>Manche fa\u00e7onn\u00e9e de typer berger en Bois de Violette. Couteau 1 clou<\/p>\n<p>Fabriqu\u00e9 artisanalement dans notre atelier \u00e0 Thiers<\/p>","protected":false},"excerpt":{"rendered":"<p>1 carreau = 1cm<\/p>\n<p>Fente : de 3 \u00e0 3.5mm<\/p>","protected":false},"featured_media":8945,"comment_status":"closed","ping_status":"closed","template":"","meta":{"_vp_format_video_url":"","_vp_image_focal_point":[]},"product_cat":[220],"product_tag":[],"acf":[],"yoast_head":"<!-- This site is optimized with the Yoast SEO plugin v20.13 - https:\/\/yoast.com\/wordpress\/plugins\/seo\/ -->\n<title>Manche fa\u00e7onn\u00e9 de type berger en bois de violette<\/title>\n<meta name=\"description\" content=\"Manche de couteau fa\u00e7on berger en bois de violette. D\u00e9coupage, fa\u00e7onnage et pon\u00e7age r\u00e9alis\u00e9 dans notre atelier \u00e0 Thiers dans le puy de d\u00f4me\" \/>\n<meta name=\"robots\" content=\"index, follow, max-snippet:-1, max-image-preview:large, max-video-preview:-1\" \/>\n<link rel=\"canonical\" href=\"https:\/\/www.muzard-sarl.com\/en\/product\/manche-fendu-bois-de-violette\/\" \/>\n<meta property=\"og:locale\" content=\"en_GB\" \/>\n<meta property=\"og:type\" content=\"article\" \/>\n<meta property=\"og:title\" content=\"Manche fa\u00e7onn\u00e9 de type berger en bois de violette\" \/>\n<meta property=\"og:description\" content=\"Manche de couteau fa\u00e7on berger en bois de violette. D\u00e9coupage, fa\u00e7onnage et pon\u00e7age r\u00e9alis\u00e9 dans notre atelier \u00e0 Thiers dans le puy de d\u00f4me\" \/>\n<meta property=\"og:url\" content=\"https:\/\/www.muzard-sarl.com\/en\/product\/manche-fendu-bois-de-violette\/\" \/>\n<meta property=\"og:site_name\" content=\"Muzard SARL\" \/>\n<meta property=\"article:publisher\" content=\"https:\/\/www.facebook.com\/muzardSarl\/\" \/>\n<meta property=\"article:modified_time\" content=\"2026-02-03T14:37:15+00:00\" \/>\n<meta property=\"og:image\" content=\"https:\/\/www.muzard-sarl.com\/wp-content\/uploads\/2024\/02\/Manche-couteau-faconnee-berger-bois-de-violette-1-1.png\" \/>\n\t<meta property=\"og:image:width\" content=\"1000\" \/>\n\t<meta property=\"og:image:height\" content=\"1000\" \/>\n\t<meta property=\"og:image:type\" content=\"image\/png\" \/>\n<meta name=\"twitter:card\" content=\"summary_large_image\" \/>\n<meta name=\"twitter:label1\" content=\"Estimated reading time\" \/>\n\t<meta name=\"twitter:data1\" content=\"1 minute\" \/>\n<script type=\"application\/ld+json\" class=\"yoast-schema-graph\">{\"@context\":\"https:\/\/schema.org\",\"@graph\":[{\"@type\":\"WebPage\",\"@id\":\"https:\/\/www.muzard-sarl.com\/produit\/manche-fendu-bois-de-violette\/\",\"url\":\"https:\/\/www.muzard-sarl.com\/produit\/manche-fendu-bois-de-violette\/\",\"name\":\"Manche fa\u00e7onn\u00e9 de type berger en bois de violette\",\"isPartOf\":{\"@id\":\"https:\/\/www.muzard-sarl.com\/#website\"},\"datePublished\":\"2022-11-15T10:47:20+00:00\",\"dateModified\":\"2026-02-03T14:37:15+00:00\",\"description\":\"Manche de couteau fa\u00e7on berger en bois de violette. D\u00e9coupage, fa\u00e7onnage et pon\u00e7age r\u00e9alis\u00e9 dans notre atelier \u00e0 Thiers dans le puy de d\u00f4me\",\"breadcrumb\":{\"@id\":\"https:\/\/www.muzard-sarl.com\/produit\/manche-fendu-bois-de-violette\/#breadcrumb\"},\"inLanguage\":\"en-GB\",\"potentialAction\":[{\"@type\":\"ReadAction\",\"target\":[\"https:\/\/www.muzard-sarl.com\/produit\/manche-fendu-bois-de-violette\/\"]}]},{\"@type\":\"BreadcrumbList\",\"@id\":\"https:\/\/www.muzard-sarl.com\/produit\/manche-fendu-bois-de-violette\/#breadcrumb\",\"itemListElement\":[{\"@type\":\"ListItem\",\"position\":1,\"name\":\"Accueil\",\"item\":\"https:\/\/www.muzard-sarl.com\/\"},{\"@type\":\"ListItem\",\"position\":2,\"name\":\"Boutique Mat\u00e9riaux de Coutellerie\",\"item\":\"https:\/\/www.muzard-sarl.com\/boutique-en-ligne-materiaux-metier-dart\/\"},{\"@type\":\"ListItem\",\"position\":3,\"name\":\"Manches Fa\u00e7onn\u00e9s\",\"item\":\"https:\/\/www.muzard-sarl.com\/categorie-produit\/manches-faconnes\/\"},{\"@type\":\"ListItem\",\"position\":4,\"name\":\"Manche fendu Bois de Violette\"}]},{\"@type\":\"WebSite\",\"@id\":\"https:\/\/www.muzard-sarl.com\/#website\",\"url\":\"https:\/\/www.muzard-sarl.com\/\",\"name\":\"Muzard SARL\",\"description\":\"Fabricant d&#039;objets en bois et corne depuis 1990\",\"publisher\":{\"@id\":\"https:\/\/www.muzard-sarl.com\/#organization\"},\"potentialAction\":[{\"@type\":\"SearchAction\",\"target\":{\"@type\":\"EntryPoint\",\"urlTemplate\":\"https:\/\/www.muzard-sarl.com\/?s={search_term_string}\"},\"query-input\":\"required name=search_term_string\"}],\"inLanguage\":\"en-GB\"},{\"@type\":\"Organization\",\"@id\":\"https:\/\/www.muzard-sarl.com\/#organization\",\"name\":\"MUZARD SARL\",\"url\":\"https:\/\/www.muzard-sarl.com\/\",\"logo\":{\"@type\":\"ImageObject\",\"inLanguage\":\"en-GB\",\"@id\":\"https:\/\/www.muzard-sarl.com\/#\/schema\/logo\/image\/\",\"url\":\"https:\/\/www.muzard-sarl.com\/wp-content\/uploads\/2022\/04\/cropped-cropped-Logo-Muzard-SARL-Site-Muzard-ok.png\",\"contentUrl\":\"https:\/\/www.muzard-sarl.com\/wp-content\/uploads\/2022\/04\/cropped-cropped-Logo-Muzard-SARL-Site-Muzard-ok.png\",\"width\":1916,\"height\":413,\"caption\":\"MUZARD SARL\"},\"image\":{\"@id\":\"https:\/\/www.muzard-sarl.com\/#\/schema\/logo\/image\/\"},\"sameAs\":[\"https:\/\/www.facebook.com\/muzardSarl\/\",\"https:\/\/www.instagram.com\/muzard_sarl\/?hl=fr\"]}]}<\/script>\n<!-- \/ Yoast SEO plugin. -->","yoast_head_json":{"title":"Manche fa\u00e7onn\u00e9 de type berger en bois de violette","description":"Manche de couteau fa\u00e7on berger en bois de violette. D\u00e9coupage, fa\u00e7onnage et pon\u00e7age r\u00e9alis\u00e9 dans notre atelier \u00e0 Thiers dans le puy de d\u00f4me","robots":{"index":"index","follow":"follow","max-snippet":"max-snippet:-1","max-image-preview":"max-image-preview:large","max-video-preview":"max-video-preview:-1"},"canonical":"https:\/\/www.muzard-sarl.com\/en\/product\/manche-fendu-bois-de-violette\/","og_locale":"en_GB","og_type":"article","og_title":"Manche fa\u00e7onn\u00e9 de type berger en bois de violette","og_description":"Manche de couteau fa\u00e7on berger en bois de violette. D\u00e9coupage, fa\u00e7onnage et pon\u00e7age r\u00e9alis\u00e9 dans notre atelier \u00e0 Thiers dans le puy de d\u00f4me","og_url":"https:\/\/www.muzard-sarl.com\/en\/product\/manche-fendu-bois-de-violette\/","og_site_name":"Muzard SARL","article_publisher":"https:\/\/www.facebook.com\/muzardSarl\/","article_modified_time":"2026-02-03T14:37:15+00:00","og_image":[{"width":1000,"height":1000,"url":"https:\/\/www.muzard-sarl.com\/wp-content\/uploads\/2024\/02\/Manche-couteau-faconnee-berger-bois-de-violette-1-1.png","type":"image\/png"}],"twitter_card":"summary_large_image","twitter_misc":{"Estimated reading time":"1 minute"},"schema":{"@context":"https:\/\/schema.org","@graph":[{"@type":"WebPage","@id":"https:\/\/www.muzard-sarl.com\/produit\/manche-fendu-bois-de-violette\/","url":"https:\/\/www.muzard-sarl.com\/produit\/manche-fendu-bois-de-violette\/","name":"Manche fa\u00e7onn\u00e9 de type berger en bois de violette","isPartOf":{"@id":"https:\/\/www.muzard-sarl.com\/#website"},"datePublished":"2022-11-15T10:47:20+00:00","dateModified":"2026-02-03T14:37:15+00:00","description":"Manche de couteau fa\u00e7on berger en bois de violette. D\u00e9coupage, fa\u00e7onnage et pon\u00e7age r\u00e9alis\u00e9 dans notre atelier \u00e0 Thiers dans le puy de d\u00f4me","breadcrumb":{"@id":"https:\/\/www.muzard-sarl.com\/produit\/manche-fendu-bois-de-violette\/#breadcrumb"},"inLanguage":"en-GB","potentialAction":[{"@type":"ReadAction","target":["https:\/\/www.muzard-sarl.com\/produit\/manche-fendu-bois-de-violette\/"]}]},{"@type":"BreadcrumbList","@id":"https:\/\/www.muzard-sarl.com\/produit\/manche-fendu-bois-de-violette\/#breadcrumb","itemListElement":[{"@type":"ListItem","position":1,"name":"Accueil","item":"https:\/\/www.muzard-sarl.com\/"},{"@type":"ListItem","position":2,"name":"Boutique Mat\u00e9riaux de Coutellerie","item":"https:\/\/www.muzard-sarl.com\/boutique-en-ligne-materiaux-metier-dart\/"},{"@type":"ListItem","position":3,"name":"Manches Fa\u00e7onn\u00e9s","item":"https:\/\/www.muzard-sarl.com\/categorie-produit\/manches-faconnes\/"},{"@type":"ListItem","position":4,"name":"Manche fendu Bois de Violette"}]},{"@type":"WebSite","@id":"https:\/\/www.muzard-sarl.com\/#website","url":"https:\/\/www.muzard-sarl.com\/","name":"Muzard SARL","description":"Manufacturer of wooden objects and horns since 1990","publisher":{"@id":"https:\/\/www.muzard-sarl.com\/#organization"},"potentialAction":[{"@type":"SearchAction","target":{"@type":"EntryPoint","urlTemplate":"https:\/\/www.muzard-sarl.com\/?s={search_term_string}"},"query-input":"required name=search_term_string"}],"inLanguage":"en-GB"},{"@type":"Organization","@id":"https:\/\/www.muzard-sarl.com\/#organization","name":"MUZARD SARL","url":"https:\/\/www.muzard-sarl.com\/","logo":{"@type":"ImageObject","inLanguage":"en-GB","@id":"https:\/\/www.muzard-sarl.com\/#\/schema\/logo\/image\/","url":"https:\/\/www.muzard-sarl.com\/wp-content\/uploads\/2022\/04\/cropped-cropped-Logo-Muzard-SARL-Site-Muzard-ok.png","contentUrl":"https:\/\/www.muzard-sarl.com\/wp-content\/uploads\/2022\/04\/cropped-cropped-Logo-Muzard-SARL-Site-Muzard-ok.png","width":1916,"height":413,"caption":"MUZARD SARL"},"image":{"@id":"https:\/\/www.muzard-sarl.com\/#\/schema\/logo\/image\/"},"sameAs":["https:\/\/www.facebook.com\/muzardSarl\/","https:\/\/www.instagram.com\/muzard_sarl\/?hl=fr"]}]}},"_links":{"self":[{"href":"https:\/\/www.muzard-sarl.com\/en\/wp-json\/wp\/v2\/product\/3123"}],"collection":[{"href":"https:\/\/www.muzard-sarl.com\/en\/wp-json\/wp\/v2\/product"}],"about":[{"href":"https:\/\/www.muzard-sarl.com\/en\/wp-json\/wp\/v2\/types\/product"}],"replies":[{"embeddable":true,"href":"https:\/\/www.muzard-sarl.com\/en\/wp-json\/wp\/v2\/comments?post=3123"}],"wp:featuredmedia":[{"embeddable":true,"href":"https:\/\/www.muzard-sarl.com\/en\/wp-json\/wp\/v2\/media\/8945"}],"wp:attachment":[{"href":"https:\/\/www.muzard-sarl.com\/en\/wp-json\/wp\/v2\/media?parent=3123"}],"wp:term":[{"taxonomy":"product_cat","embeddable":true,"href":"https:\/\/www.muzard-sarl.com\/en\/wp-json\/wp\/v2\/product_cat?post=3123"},{"taxonomy":"product_tag","embeddable":true,"href":"https:\/\/www.muzard-sarl.com\/en\/wp-json\/wp\/v2\/product_tag?post=3123"}],"curies":[{"name":"wp","href":"https:\/\/api.w.org\/{rel}","templated":true}]}}