{"id":3250,"date":"2022-11-24T14:50:34","date_gmt":"2022-11-24T13:50:34","guid":{"rendered":"https:\/\/www.muzard-sarl.com\/?post_type=product&#038;p=3250"},"modified":"2025-10-30T14:13:47","modified_gmt":"2025-10-30T13:13:47","slug":"carrelet-bois-de-cade","status":"publish","type":"product","link":"https:\/\/www.muzard-sarl.com\/en\/product\/carrelet-bois-de-cade\/","title":{"rendered":"Carrelet en Loupe de Bois de Cade"},"content":{"rendered":"<p>Carrelet en<strong> loupe de bois de cade<\/strong><\/p>\n<p>Gen\u00e9vrier provenant de la garrigue M\u00e9diterran\u00e9enne. Travaill\u00e9 dans notre atelier \u00e0 Thiers<\/p>\n<p>T<strong>op qualit\u00e9<\/strong><\/p>\n<p>&nbsp;<\/p>","protected":false},"excerpt":{"rendered":"<p>Dimensions : 140 x 35 x 35 mm<\/p>","protected":false},"featured_media":13636,"comment_status":"closed","ping_status":"closed","template":"","meta":{"_vp_format_video_url":"","_vp_image_focal_point":[]},"product_cat":[43,273],"product_tag":[],"acf":[],"yoast_head":"<!-- This site is optimized with the Yoast SEO plugin v20.13 - https:\/\/yoast.com\/wordpress\/plugins\/seo\/ -->\n<title>Carrelet en Loupe de Bois de Cade - Muzard SARL<\/title>\n<meta name=\"description\" content=\"Carrelet en bois de cade. Id\u00e9al pour la fabrication de vos manches de couteaux. Vous serez surpris par le parfum de ce bois.\" \/>\n<meta name=\"robots\" content=\"index, follow, max-snippet:-1, max-image-preview:large, max-video-preview:-1\" \/>\n<link rel=\"canonical\" href=\"https:\/\/www.muzard-sarl.com\/en\/product\/carrelet-bois-de-cade\/\" \/>\n<meta property=\"og:locale\" content=\"en_GB\" \/>\n<meta property=\"og:type\" content=\"article\" \/>\n<meta property=\"og:title\" content=\"Carrelet en Loupe de Bois de Cade - Muzard SARL\" \/>\n<meta property=\"og:description\" content=\"Carrelet en bois de cade. Id\u00e9al pour la fabrication de vos manches de couteaux. Vous serez surpris par le parfum de ce bois.\" \/>\n<meta property=\"og:url\" content=\"https:\/\/www.muzard-sarl.com\/en\/product\/carrelet-bois-de-cade\/\" \/>\n<meta property=\"og:site_name\" content=\"Muzard SARL\" \/>\n<meta property=\"article:publisher\" content=\"https:\/\/www.facebook.com\/muzardSarl\/\" \/>\n<meta property=\"article:modified_time\" content=\"2025-10-30T13:13:47+00:00\" \/>\n<meta property=\"og:image\" content=\"https:\/\/www.muzard-sarl.com\/wp-content\/uploads\/2022\/11\/bloc-loupe-de-cade-2.png\" \/>\n\t<meta property=\"og:image:width\" content=\"1000\" \/>\n\t<meta property=\"og:image:height\" content=\"1000\" \/>\n\t<meta property=\"og:image:type\" content=\"image\/png\" \/>\n<meta name=\"twitter:card\" content=\"summary_large_image\" \/>\n<meta name=\"twitter:label1\" content=\"Estimated reading time\" \/>\n\t<meta name=\"twitter:data1\" content=\"1 minute\" \/>\n<script type=\"application\/ld+json\" class=\"yoast-schema-graph\">{\"@context\":\"https:\/\/schema.org\",\"@graph\":[{\"@type\":\"WebPage\",\"@id\":\"https:\/\/www.muzard-sarl.com\/produit\/carrelet-bois-de-cade\/\",\"url\":\"https:\/\/www.muzard-sarl.com\/produit\/carrelet-bois-de-cade\/\",\"name\":\"Carrelet en Loupe de Bois de Cade - Muzard SARL\",\"isPartOf\":{\"@id\":\"https:\/\/www.muzard-sarl.com\/#website\"},\"datePublished\":\"2022-11-24T13:50:34+00:00\",\"dateModified\":\"2025-10-30T13:13:47+00:00\",\"description\":\"Carrelet en bois de cade. Id\u00e9al pour la fabrication de vos manches de couteaux. Vous serez surpris par le parfum de ce bois.\",\"breadcrumb\":{\"@id\":\"https:\/\/www.muzard-sarl.com\/produit\/carrelet-bois-de-cade\/#breadcrumb\"},\"inLanguage\":\"en-GB\",\"potentialAction\":[{\"@type\":\"ReadAction\",\"target\":[\"https:\/\/www.muzard-sarl.com\/produit\/carrelet-bois-de-cade\/\"]}]},{\"@type\":\"BreadcrumbList\",\"@id\":\"https:\/\/www.muzard-sarl.com\/produit\/carrelet-bois-de-cade\/#breadcrumb\",\"itemListElement\":[{\"@type\":\"ListItem\",\"position\":1,\"name\":\"Accueil\",\"item\":\"https:\/\/www.muzard-sarl.com\/\"},{\"@type\":\"ListItem\",\"position\":2,\"name\":\"Boutique Mat\u00e9riaux de Coutellerie\",\"item\":\"https:\/\/www.muzard-sarl.com\/boutique-en-ligne-materiaux-metier-dart\/\"},{\"@type\":\"ListItem\",\"position\":3,\"name\":\"Plaquettes et carrelets en Bois\",\"item\":\"https:\/\/www.muzard-sarl.com\/categorie-produit\/plaquettes-et-carrelets-en-bois\/\"},{\"@type\":\"ListItem\",\"position\":4,\"name\":\"Cade (Loupe) - Gen\u00e9vrier\",\"item\":\"https:\/\/www.muzard-sarl.com\/categorie-produit\/plaquettes-et-carrelets-en-bois\/loupe-de-cade\/\"},{\"@type\":\"ListItem\",\"position\":5,\"name\":\"Carrelet en Loupe de Bois de Cade\"}]},{\"@type\":\"WebSite\",\"@id\":\"https:\/\/www.muzard-sarl.com\/#website\",\"url\":\"https:\/\/www.muzard-sarl.com\/\",\"name\":\"Muzard SARL\",\"description\":\"Fabricant d&#039;objets en bois et corne depuis 1990\",\"publisher\":{\"@id\":\"https:\/\/www.muzard-sarl.com\/#organization\"},\"potentialAction\":[{\"@type\":\"SearchAction\",\"target\":{\"@type\":\"EntryPoint\",\"urlTemplate\":\"https:\/\/www.muzard-sarl.com\/?s={search_term_string}\"},\"query-input\":\"required name=search_term_string\"}],\"inLanguage\":\"en-GB\"},{\"@type\":\"Organization\",\"@id\":\"https:\/\/www.muzard-sarl.com\/#organization\",\"name\":\"MUZARD SARL\",\"url\":\"https:\/\/www.muzard-sarl.com\/\",\"logo\":{\"@type\":\"ImageObject\",\"inLanguage\":\"en-GB\",\"@id\":\"https:\/\/www.muzard-sarl.com\/#\/schema\/logo\/image\/\",\"url\":\"https:\/\/www.muzard-sarl.com\/wp-content\/uploads\/2022\/04\/cropped-cropped-Logo-Muzard-SARL-Site-Muzard-ok.png\",\"contentUrl\":\"https:\/\/www.muzard-sarl.com\/wp-content\/uploads\/2022\/04\/cropped-cropped-Logo-Muzard-SARL-Site-Muzard-ok.png\",\"width\":1916,\"height\":413,\"caption\":\"MUZARD SARL\"},\"image\":{\"@id\":\"https:\/\/www.muzard-sarl.com\/#\/schema\/logo\/image\/\"},\"sameAs\":[\"https:\/\/www.facebook.com\/muzardSarl\/\",\"https:\/\/www.instagram.com\/muzard_sarl\/?hl=fr\"]}]}<\/script>\n<!-- \/ Yoast SEO plugin. -->","yoast_head_json":{"title":"Carrelet en Loupe de Bois de Cade - Muzard SARL","description":"Carrelet en bois de cade. Id\u00e9al pour la fabrication de vos manches de couteaux. Vous serez surpris par le parfum de ce bois.","robots":{"index":"index","follow":"follow","max-snippet":"max-snippet:-1","max-image-preview":"max-image-preview:large","max-video-preview":"max-video-preview:-1"},"canonical":"https:\/\/www.muzard-sarl.com\/en\/product\/carrelet-bois-de-cade\/","og_locale":"en_GB","og_type":"article","og_title":"Carrelet en Loupe de Bois de Cade - Muzard SARL","og_description":"Carrelet en bois de cade. Id\u00e9al pour la fabrication de vos manches de couteaux. Vous serez surpris par le parfum de ce bois.","og_url":"https:\/\/www.muzard-sarl.com\/en\/product\/carrelet-bois-de-cade\/","og_site_name":"Muzard SARL","article_publisher":"https:\/\/www.facebook.com\/muzardSarl\/","article_modified_time":"2025-10-30T13:13:47+00:00","og_image":[{"width":1000,"height":1000,"url":"https:\/\/www.muzard-sarl.com\/wp-content\/uploads\/2022\/11\/bloc-loupe-de-cade-2.png","type":"image\/png"}],"twitter_card":"summary_large_image","twitter_misc":{"Estimated reading time":"1 minute"},"schema":{"@context":"https:\/\/schema.org","@graph":[{"@type":"WebPage","@id":"https:\/\/www.muzard-sarl.com\/produit\/carrelet-bois-de-cade\/","url":"https:\/\/www.muzard-sarl.com\/produit\/carrelet-bois-de-cade\/","name":"Carrelet en Loupe de Bois de Cade - Muzard SARL","isPartOf":{"@id":"https:\/\/www.muzard-sarl.com\/#website"},"datePublished":"2022-11-24T13:50:34+00:00","dateModified":"2025-10-30T13:13:47+00:00","description":"Carrelet en bois de cade. Id\u00e9al pour la fabrication de vos manches de couteaux. Vous serez surpris par le parfum de ce bois.","breadcrumb":{"@id":"https:\/\/www.muzard-sarl.com\/produit\/carrelet-bois-de-cade\/#breadcrumb"},"inLanguage":"en-GB","potentialAction":[{"@type":"ReadAction","target":["https:\/\/www.muzard-sarl.com\/produit\/carrelet-bois-de-cade\/"]}]},{"@type":"BreadcrumbList","@id":"https:\/\/www.muzard-sarl.com\/produit\/carrelet-bois-de-cade\/#breadcrumb","itemListElement":[{"@type":"ListItem","position":1,"name":"Accueil","item":"https:\/\/www.muzard-sarl.com\/"},{"@type":"ListItem","position":2,"name":"Boutique Mat\u00e9riaux de Coutellerie","item":"https:\/\/www.muzard-sarl.com\/boutique-en-ligne-materiaux-metier-dart\/"},{"@type":"ListItem","position":3,"name":"Plaquettes et carrelets en Bois","item":"https:\/\/www.muzard-sarl.com\/categorie-produit\/plaquettes-et-carrelets-en-bois\/"},{"@type":"ListItem","position":4,"name":"Cade (Loupe) - Gen\u00e9vrier","item":"https:\/\/www.muzard-sarl.com\/categorie-produit\/plaquettes-et-carrelets-en-bois\/loupe-de-cade\/"},{"@type":"ListItem","position":5,"name":"Carrelet en Loupe de Bois de Cade"}]},{"@type":"WebSite","@id":"https:\/\/www.muzard-sarl.com\/#website","url":"https:\/\/www.muzard-sarl.com\/","name":"Muzard SARL","description":"Manufacturer of wooden objects and horns since 1990","publisher":{"@id":"https:\/\/www.muzard-sarl.com\/#organization"},"potentialAction":[{"@type":"SearchAction","target":{"@type":"EntryPoint","urlTemplate":"https:\/\/www.muzard-sarl.com\/?s={search_term_string}"},"query-input":"required name=search_term_string"}],"inLanguage":"en-GB"},{"@type":"Organization","@id":"https:\/\/www.muzard-sarl.com\/#organization","name":"MUZARD SARL","url":"https:\/\/www.muzard-sarl.com\/","logo":{"@type":"ImageObject","inLanguage":"en-GB","@id":"https:\/\/www.muzard-sarl.com\/#\/schema\/logo\/image\/","url":"https:\/\/www.muzard-sarl.com\/wp-content\/uploads\/2022\/04\/cropped-cropped-Logo-Muzard-SARL-Site-Muzard-ok.png","contentUrl":"https:\/\/www.muzard-sarl.com\/wp-content\/uploads\/2022\/04\/cropped-cropped-Logo-Muzard-SARL-Site-Muzard-ok.png","width":1916,"height":413,"caption":"MUZARD SARL"},"image":{"@id":"https:\/\/www.muzard-sarl.com\/#\/schema\/logo\/image\/"},"sameAs":["https:\/\/www.facebook.com\/muzardSarl\/","https:\/\/www.instagram.com\/muzard_sarl\/?hl=fr"]}]}},"_links":{"self":[{"href":"https:\/\/www.muzard-sarl.com\/en\/wp-json\/wp\/v2\/product\/3250"}],"collection":[{"href":"https:\/\/www.muzard-sarl.com\/en\/wp-json\/wp\/v2\/product"}],"about":[{"href":"https:\/\/www.muzard-sarl.com\/en\/wp-json\/wp\/v2\/types\/product"}],"replies":[{"embeddable":true,"href":"https:\/\/www.muzard-sarl.com\/en\/wp-json\/wp\/v2\/comments?post=3250"}],"wp:featuredmedia":[{"embeddable":true,"href":"https:\/\/www.muzard-sarl.com\/en\/wp-json\/wp\/v2\/media\/13636"}],"wp:attachment":[{"href":"https:\/\/www.muzard-sarl.com\/en\/wp-json\/wp\/v2\/media?parent=3250"}],"wp:term":[{"taxonomy":"product_cat","embeddable":true,"href":"https:\/\/www.muzard-sarl.com\/en\/wp-json\/wp\/v2\/product_cat?post=3250"},{"taxonomy":"product_tag","embeddable":true,"href":"https:\/\/www.muzard-sarl.com\/en\/wp-json\/wp\/v2\/product_tag?post=3250"}],"curies":[{"name":"wp","href":"https:\/\/api.w.org\/{rel}","templated":true}]}}