{"id":3320,"date":"2022-11-25T11:41:48","date_gmt":"2022-11-25T10:41:48","guid":{"rendered":"https:\/\/www.muzard-sarl.com\/?post_type=product&#038;p=3320"},"modified":"2024-01-31T14:41:39","modified_gmt":"2024-01-31T13:41:39","slug":"pointe-de-corne-de-zebu-2","status":"publish","type":"product","link":"https:\/\/www.muzard-sarl.com\/en\/product\/pointe-de-corne-de-zebu-2\/","title":{"rendered":"Pointe de corne de Z\u00e9bu"},"content":{"rendered":"<p>La pointe de corne provient de la partie haute et massive de la corne.<\/p>\n<p>Elle peut \u00eatre blonde, jasp\u00e9e(Corne \u00ab\u00a0Flamm\u00e9e\u00a0\u00bb), noir. <\/p>\n<p>Mati\u00e8re noble, originale et unique. Travaill\u00e9e dans la coutellerie depuis des d\u00e9cennies.<\/p>","protected":false},"excerpt":{"rendered":"<p>Pointe de corne<\/p>","protected":false},"featured_media":3321,"comment_status":"closed","ping_status":"closed","template":"","meta":{"_vp_format_video_url":"","_vp_image_focal_point":[]},"product_cat":[123],"product_tag":[],"acf":[],"yoast_head":"<!-- This site is optimized with the Yoast SEO plugin v20.13 - https:\/\/yoast.com\/wordpress\/plugins\/seo\/ -->\n<title>Pointe de corne de Z\u00e9bu - Muzard SARL Mati\u00e8re noble et robuste.<\/title>\n<meta name=\"description\" content=\"Pointe de corne de Z\u00e9bu - Muzard SARL Id\u00e9al pour la r\u00e9alisation de vos manches de couteaux. Mati\u00e8re pr\u00e9cieuse, noble et originale.\" \/>\n<meta name=\"robots\" content=\"index, follow, max-snippet:-1, max-image-preview:large, max-video-preview:-1\" \/>\n<link rel=\"canonical\" href=\"https:\/\/www.muzard-sarl.com\/en\/product\/pointe-de-corne-de-zebu-2\/\" \/>\n<meta property=\"og:locale\" content=\"en_GB\" \/>\n<meta property=\"og:type\" content=\"article\" \/>\n<meta property=\"og:title\" content=\"Pointe de corne de Z\u00e9bu - Muzard SARL Mati\u00e8re noble et robuste.\" \/>\n<meta property=\"og:description\" content=\"Pointe de corne de Z\u00e9bu - Muzard SARL Id\u00e9al pour la r\u00e9alisation de vos manches de couteaux. Mati\u00e8re pr\u00e9cieuse, noble et originale.\" \/>\n<meta property=\"og:url\" content=\"https:\/\/www.muzard-sarl.com\/en\/product\/pointe-de-corne-de-zebu-2\/\" \/>\n<meta property=\"og:site_name\" content=\"Muzard SARL\" \/>\n<meta property=\"article:publisher\" content=\"https:\/\/www.facebook.com\/muzardSarl\/\" \/>\n<meta property=\"article:modified_time\" content=\"2024-01-31T13:41:39+00:00\" \/>\n<meta property=\"og:image\" content=\"https:\/\/www.muzard-sarl.com\/wp-content\/uploads\/2022\/11\/Pointe-de-zebu-3.png\" \/>\n\t<meta property=\"og:image:width\" content=\"1000\" \/>\n\t<meta property=\"og:image:height\" content=\"1000\" \/>\n\t<meta property=\"og:image:type\" content=\"image\/png\" \/>\n<meta name=\"twitter:card\" content=\"summary_large_image\" \/>\n<script type=\"application\/ld+json\" class=\"yoast-schema-graph\">{\"@context\":\"https:\/\/schema.org\",\"@graph\":[{\"@type\":\"WebPage\",\"@id\":\"https:\/\/www.muzard-sarl.com\/produit\/pointe-de-corne-de-zebu-2\/\",\"url\":\"https:\/\/www.muzard-sarl.com\/produit\/pointe-de-corne-de-zebu-2\/\",\"name\":\"Pointe de corne de Z\u00e9bu - Muzard SARL Mati\u00e8re noble et robuste.\",\"isPartOf\":{\"@id\":\"https:\/\/www.muzard-sarl.com\/#website\"},\"datePublished\":\"2022-11-25T10:41:48+00:00\",\"dateModified\":\"2024-01-31T13:41:39+00:00\",\"description\":\"Pointe de corne de Z\u00e9bu - Muzard SARL Id\u00e9al pour la r\u00e9alisation de vos manches de couteaux. Mati\u00e8re pr\u00e9cieuse, noble et originale.\",\"breadcrumb\":{\"@id\":\"https:\/\/www.muzard-sarl.com\/produit\/pointe-de-corne-de-zebu-2\/#breadcrumb\"},\"inLanguage\":\"en-GB\",\"potentialAction\":[{\"@type\":\"ReadAction\",\"target\":[\"https:\/\/www.muzard-sarl.com\/produit\/pointe-de-corne-de-zebu-2\/\"]}]},{\"@type\":\"BreadcrumbList\",\"@id\":\"https:\/\/www.muzard-sarl.com\/produit\/pointe-de-corne-de-zebu-2\/#breadcrumb\",\"itemListElement\":[{\"@type\":\"ListItem\",\"position\":1,\"name\":\"Accueil\",\"item\":\"https:\/\/www.muzard-sarl.com\/\"},{\"@type\":\"ListItem\",\"position\":2,\"name\":\"Boutique Mat\u00e9riaux de Coutellerie\",\"item\":\"https:\/\/www.muzard-sarl.com\/boutique-en-ligne-materiaux-metier-dart\/\"},{\"@type\":\"ListItem\",\"position\":3,\"name\":\"Plaquettes en corne v\u00e9ritable\",\"item\":\"https:\/\/www.muzard-sarl.com\/categorie-produit\/plaquettes-en-corne-veritable\/\"},{\"@type\":\"ListItem\",\"position\":4,\"name\":\"Pointe de corne de Z\u00e9bu\",\"item\":\"https:\/\/www.muzard-sarl.com\/categorie-produit\/plaquettes-en-corne-veritable\/zebu\/\"},{\"@type\":\"ListItem\",\"position\":5,\"name\":\"Pointe de corne de Z\u00e9bu\"}]},{\"@type\":\"WebSite\",\"@id\":\"https:\/\/www.muzard-sarl.com\/#website\",\"url\":\"https:\/\/www.muzard-sarl.com\/\",\"name\":\"Muzard SARL\",\"description\":\"Fabricant d&#039;objets en bois et corne depuis 1990\",\"publisher\":{\"@id\":\"https:\/\/www.muzard-sarl.com\/#organization\"},\"potentialAction\":[{\"@type\":\"SearchAction\",\"target\":{\"@type\":\"EntryPoint\",\"urlTemplate\":\"https:\/\/www.muzard-sarl.com\/?s={search_term_string}\"},\"query-input\":\"required name=search_term_string\"}],\"inLanguage\":\"en-GB\"},{\"@type\":\"Organization\",\"@id\":\"https:\/\/www.muzard-sarl.com\/#organization\",\"name\":\"MUZARD SARL\",\"url\":\"https:\/\/www.muzard-sarl.com\/\",\"logo\":{\"@type\":\"ImageObject\",\"inLanguage\":\"en-GB\",\"@id\":\"https:\/\/www.muzard-sarl.com\/#\/schema\/logo\/image\/\",\"url\":\"https:\/\/www.muzard-sarl.com\/wp-content\/uploads\/2022\/04\/cropped-cropped-Logo-Muzard-SARL-Site-Muzard-ok.png\",\"contentUrl\":\"https:\/\/www.muzard-sarl.com\/wp-content\/uploads\/2022\/04\/cropped-cropped-Logo-Muzard-SARL-Site-Muzard-ok.png\",\"width\":1916,\"height\":413,\"caption\":\"MUZARD SARL\"},\"image\":{\"@id\":\"https:\/\/www.muzard-sarl.com\/#\/schema\/logo\/image\/\"},\"sameAs\":[\"https:\/\/www.facebook.com\/muzardSarl\/\",\"https:\/\/www.instagram.com\/muzard_sarl\/?hl=fr\"]}]}<\/script>\n<!-- \/ Yoast SEO plugin. -->","yoast_head_json":{"title":"Pointe de corne de Z\u00e9bu - Muzard SARL Mati\u00e8re noble et robuste.","description":"Pointe de corne de Z\u00e9bu - Muzard SARL Id\u00e9al pour la r\u00e9alisation de vos manches de couteaux. Mati\u00e8re pr\u00e9cieuse, noble et originale.","robots":{"index":"index","follow":"follow","max-snippet":"max-snippet:-1","max-image-preview":"max-image-preview:large","max-video-preview":"max-video-preview:-1"},"canonical":"https:\/\/www.muzard-sarl.com\/en\/product\/pointe-de-corne-de-zebu-2\/","og_locale":"en_GB","og_type":"article","og_title":"Pointe de corne de Z\u00e9bu - Muzard SARL Mati\u00e8re noble et robuste.","og_description":"Pointe de corne de Z\u00e9bu - Muzard SARL Id\u00e9al pour la r\u00e9alisation de vos manches de couteaux. Mati\u00e8re pr\u00e9cieuse, noble et originale.","og_url":"https:\/\/www.muzard-sarl.com\/en\/product\/pointe-de-corne-de-zebu-2\/","og_site_name":"Muzard SARL","article_publisher":"https:\/\/www.facebook.com\/muzardSarl\/","article_modified_time":"2024-01-31T13:41:39+00:00","og_image":[{"width":1000,"height":1000,"url":"https:\/\/www.muzard-sarl.com\/wp-content\/uploads\/2022\/11\/Pointe-de-zebu-3.png","type":"image\/png"}],"twitter_card":"summary_large_image","schema":{"@context":"https:\/\/schema.org","@graph":[{"@type":"WebPage","@id":"https:\/\/www.muzard-sarl.com\/produit\/pointe-de-corne-de-zebu-2\/","url":"https:\/\/www.muzard-sarl.com\/produit\/pointe-de-corne-de-zebu-2\/","name":"Pointe de corne de Z\u00e9bu - Muzard SARL Mati\u00e8re noble et robuste.","isPartOf":{"@id":"https:\/\/www.muzard-sarl.com\/#website"},"datePublished":"2022-11-25T10:41:48+00:00","dateModified":"2024-01-31T13:41:39+00:00","description":"Pointe de corne de Z\u00e9bu - Muzard SARL Id\u00e9al pour la r\u00e9alisation de vos manches de couteaux. Mati\u00e8re pr\u00e9cieuse, noble et originale.","breadcrumb":{"@id":"https:\/\/www.muzard-sarl.com\/produit\/pointe-de-corne-de-zebu-2\/#breadcrumb"},"inLanguage":"en-GB","potentialAction":[{"@type":"ReadAction","target":["https:\/\/www.muzard-sarl.com\/produit\/pointe-de-corne-de-zebu-2\/"]}]},{"@type":"BreadcrumbList","@id":"https:\/\/www.muzard-sarl.com\/produit\/pointe-de-corne-de-zebu-2\/#breadcrumb","itemListElement":[{"@type":"ListItem","position":1,"name":"Accueil","item":"https:\/\/www.muzard-sarl.com\/"},{"@type":"ListItem","position":2,"name":"Boutique Mat\u00e9riaux de Coutellerie","item":"https:\/\/www.muzard-sarl.com\/boutique-en-ligne-materiaux-metier-dart\/"},{"@type":"ListItem","position":3,"name":"Plaquettes en corne v\u00e9ritable","item":"https:\/\/www.muzard-sarl.com\/categorie-produit\/plaquettes-en-corne-veritable\/"},{"@type":"ListItem","position":4,"name":"Pointe de corne de Z\u00e9bu","item":"https:\/\/www.muzard-sarl.com\/categorie-produit\/plaquettes-en-corne-veritable\/zebu\/"},{"@type":"ListItem","position":5,"name":"Pointe de corne de Z\u00e9bu"}]},{"@type":"WebSite","@id":"https:\/\/www.muzard-sarl.com\/#website","url":"https:\/\/www.muzard-sarl.com\/","name":"Muzard SARL","description":"Manufacturer of wooden objects and horns since 1990","publisher":{"@id":"https:\/\/www.muzard-sarl.com\/#organization"},"potentialAction":[{"@type":"SearchAction","target":{"@type":"EntryPoint","urlTemplate":"https:\/\/www.muzard-sarl.com\/?s={search_term_string}"},"query-input":"required name=search_term_string"}],"inLanguage":"en-GB"},{"@type":"Organization","@id":"https:\/\/www.muzard-sarl.com\/#organization","name":"MUZARD SARL","url":"https:\/\/www.muzard-sarl.com\/","logo":{"@type":"ImageObject","inLanguage":"en-GB","@id":"https:\/\/www.muzard-sarl.com\/#\/schema\/logo\/image\/","url":"https:\/\/www.muzard-sarl.com\/wp-content\/uploads\/2022\/04\/cropped-cropped-Logo-Muzard-SARL-Site-Muzard-ok.png","contentUrl":"https:\/\/www.muzard-sarl.com\/wp-content\/uploads\/2022\/04\/cropped-cropped-Logo-Muzard-SARL-Site-Muzard-ok.png","width":1916,"height":413,"caption":"MUZARD SARL"},"image":{"@id":"https:\/\/www.muzard-sarl.com\/#\/schema\/logo\/image\/"},"sameAs":["https:\/\/www.facebook.com\/muzardSarl\/","https:\/\/www.instagram.com\/muzard_sarl\/?hl=fr"]}]}},"_links":{"self":[{"href":"https:\/\/www.muzard-sarl.com\/en\/wp-json\/wp\/v2\/product\/3320"}],"collection":[{"href":"https:\/\/www.muzard-sarl.com\/en\/wp-json\/wp\/v2\/product"}],"about":[{"href":"https:\/\/www.muzard-sarl.com\/en\/wp-json\/wp\/v2\/types\/product"}],"replies":[{"embeddable":true,"href":"https:\/\/www.muzard-sarl.com\/en\/wp-json\/wp\/v2\/comments?post=3320"}],"wp:featuredmedia":[{"embeddable":true,"href":"https:\/\/www.muzard-sarl.com\/en\/wp-json\/wp\/v2\/media\/3321"}],"wp:attachment":[{"href":"https:\/\/www.muzard-sarl.com\/en\/wp-json\/wp\/v2\/media?parent=3320"}],"wp:term":[{"taxonomy":"product_cat","embeddable":true,"href":"https:\/\/www.muzard-sarl.com\/en\/wp-json\/wp\/v2\/product_cat?post=3320"},{"taxonomy":"product_tag","embeddable":true,"href":"https:\/\/www.muzard-sarl.com\/en\/wp-json\/wp\/v2\/product_tag?post=3320"}],"curies":[{"name":"wp","href":"https:\/\/api.w.org\/{rel}","templated":true}]}}