{"id":5250,"date":"2023-05-25T11:14:30","date_gmt":"2023-05-25T09:14:30","guid":{"rendered":"https:\/\/www.muzard-sarl.com\/?post_type=product&#038;p=5250"},"modified":"2025-09-18T13:19:46","modified_gmt":"2025-09-18T11:19:46","slug":"defense-de-phacochere-8","status":"publish","type":"product","link":"https:\/\/www.muzard-sarl.com\/en\/product\/defense-de-phacochere-8\/","title":{"rendered":"D\u00e9fense de Phacoch\u00e8re sci\u00e9e"},"content":{"rendered":"<p>Les d\u00e9fenses de phacoch\u00e8re sont des mat\u00e9riaux de haute qualit\u00e9 utilis\u00e9s pour la coutellerie et l&rsquo;artisanat.<\/p>\n<p>Les d\u00e9fenses sont tr\u00e8s recherch\u00e9es pour leur duret\u00e9, leur r\u00e9sistance et leur beaut\u00e9 naturelle.<\/p>\n<p>Mati\u00e8re noble et pr\u00e9cieuse.<\/p>","protected":false},"excerpt":{"rendered":"<p>1cm = 1 carreau<\/p>","protected":false},"featured_media":13221,"comment_status":"closed","ping_status":"closed","template":"","meta":{"_vp_format_video_url":"","_vp_image_focal_point":[]},"product_cat":[49,129],"product_tag":[],"acf":[],"yoast_head":"<!-- This site is optimized with the Yoast SEO plugin v20.13 - https:\/\/yoast.com\/wordpress\/plugins\/seo\/ -->\n<title>D\u00e9fense de Phacoch\u00e8re sci\u00e9e - Muzard SARL<\/title>\n<meta name=\"description\" content=\"Dent de phacoch\u00e8re - Id\u00e9al pour la coutellerie d&#039;art - Cr\u00e9ation de manche de couteau\" \/>\n<meta name=\"robots\" content=\"index, follow, max-snippet:-1, max-image-preview:large, max-video-preview:-1\" \/>\n<link rel=\"canonical\" href=\"https:\/\/www.muzard-sarl.com\/en\/product\/defense-de-phacochere-8\/\" \/>\n<meta property=\"og:locale\" content=\"en_GB\" \/>\n<meta property=\"og:type\" content=\"article\" \/>\n<meta property=\"og:title\" content=\"D\u00e9fense de Phacoch\u00e8re sci\u00e9e - Muzard SARL\" \/>\n<meta property=\"og:description\" content=\"Dent de phacoch\u00e8re - Id\u00e9al pour la coutellerie d&#039;art - Cr\u00e9ation de manche de couteau\" \/>\n<meta property=\"og:url\" content=\"https:\/\/www.muzard-sarl.com\/en\/product\/defense-de-phacochere-8\/\" \/>\n<meta property=\"og:site_name\" content=\"Muzard SARL\" \/>\n<meta property=\"article:publisher\" content=\"https:\/\/www.facebook.com\/muzardSarl\/\" \/>\n<meta property=\"article:modified_time\" content=\"2025-09-18T11:19:46+00:00\" \/>\n<meta property=\"og:image\" content=\"https:\/\/www.muzard-sarl.com\/wp-content\/uploads\/2023\/05\/Dephense-de-phacochere7.png\" \/>\n\t<meta property=\"og:image:width\" content=\"1000\" \/>\n\t<meta property=\"og:image:height\" content=\"1000\" \/>\n\t<meta property=\"og:image:type\" content=\"image\/png\" \/>\n<meta name=\"twitter:card\" content=\"summary_large_image\" \/>\n<meta name=\"twitter:label1\" content=\"Estimated reading time\" \/>\n\t<meta name=\"twitter:data1\" content=\"1 minute\" \/>\n<script type=\"application\/ld+json\" class=\"yoast-schema-graph\">{\"@context\":\"https:\/\/schema.org\",\"@graph\":[{\"@type\":\"WebPage\",\"@id\":\"https:\/\/www.muzard-sarl.com\/produit\/defense-de-phacochere-8\/\",\"url\":\"https:\/\/www.muzard-sarl.com\/produit\/defense-de-phacochere-8\/\",\"name\":\"D\u00e9fense de Phacoch\u00e8re sci\u00e9e - Muzard SARL\",\"isPartOf\":{\"@id\":\"https:\/\/www.muzard-sarl.com\/#website\"},\"datePublished\":\"2023-05-25T09:14:30+00:00\",\"dateModified\":\"2025-09-18T11:19:46+00:00\",\"description\":\"Dent de phacoch\u00e8re - Id\u00e9al pour la coutellerie d'art - Cr\u00e9ation de manche de couteau\",\"breadcrumb\":{\"@id\":\"https:\/\/www.muzard-sarl.com\/produit\/defense-de-phacochere-8\/#breadcrumb\"},\"inLanguage\":\"en-GB\",\"potentialAction\":[{\"@type\":\"ReadAction\",\"target\":[\"https:\/\/www.muzard-sarl.com\/produit\/defense-de-phacochere-8\/\"]}]},{\"@type\":\"BreadcrumbList\",\"@id\":\"https:\/\/www.muzard-sarl.com\/produit\/defense-de-phacochere-8\/#breadcrumb\",\"itemListElement\":[{\"@type\":\"ListItem\",\"position\":1,\"name\":\"Accueil\",\"item\":\"https:\/\/www.muzard-sarl.com\/\"},{\"@type\":\"ListItem\",\"position\":2,\"name\":\"Boutique Mat\u00e9riaux de Coutellerie\",\"item\":\"https:\/\/www.muzard-sarl.com\/boutique-en-ligne-materiaux-metier-dart\/\"},{\"@type\":\"ListItem\",\"position\":3,\"name\":\"Autres mat\u00e9riaux\",\"item\":\"https:\/\/www.muzard-sarl.com\/categorie-produit\/autres-materiaux\/\"},{\"@type\":\"ListItem\",\"position\":4,\"name\":\"D\u00e9fense de Phacoch\u00e8re sci\u00e9e\"}]},{\"@type\":\"WebSite\",\"@id\":\"https:\/\/www.muzard-sarl.com\/#website\",\"url\":\"https:\/\/www.muzard-sarl.com\/\",\"name\":\"Muzard SARL\",\"description\":\"Fabricant d&#039;objets en bois et corne depuis 1990\",\"publisher\":{\"@id\":\"https:\/\/www.muzard-sarl.com\/#organization\"},\"potentialAction\":[{\"@type\":\"SearchAction\",\"target\":{\"@type\":\"EntryPoint\",\"urlTemplate\":\"https:\/\/www.muzard-sarl.com\/?s={search_term_string}\"},\"query-input\":\"required name=search_term_string\"}],\"inLanguage\":\"en-GB\"},{\"@type\":\"Organization\",\"@id\":\"https:\/\/www.muzard-sarl.com\/#organization\",\"name\":\"MUZARD SARL\",\"url\":\"https:\/\/www.muzard-sarl.com\/\",\"logo\":{\"@type\":\"ImageObject\",\"inLanguage\":\"en-GB\",\"@id\":\"https:\/\/www.muzard-sarl.com\/#\/schema\/logo\/image\/\",\"url\":\"https:\/\/www.muzard-sarl.com\/wp-content\/uploads\/2022\/04\/cropped-cropped-Logo-Muzard-SARL-Site-Muzard-ok.png\",\"contentUrl\":\"https:\/\/www.muzard-sarl.com\/wp-content\/uploads\/2022\/04\/cropped-cropped-Logo-Muzard-SARL-Site-Muzard-ok.png\",\"width\":1916,\"height\":413,\"caption\":\"MUZARD SARL\"},\"image\":{\"@id\":\"https:\/\/www.muzard-sarl.com\/#\/schema\/logo\/image\/\"},\"sameAs\":[\"https:\/\/www.facebook.com\/muzardSarl\/\",\"https:\/\/www.instagram.com\/muzard_sarl\/?hl=fr\"]}]}<\/script>\n<!-- \/ Yoast SEO plugin. -->","yoast_head_json":{"title":"D\u00e9fense de Phacoch\u00e8re sci\u00e9e - Muzard SARL","description":"Dent de phacoch\u00e8re - Id\u00e9al pour la coutellerie d'art - Cr\u00e9ation de manche de couteau","robots":{"index":"index","follow":"follow","max-snippet":"max-snippet:-1","max-image-preview":"max-image-preview:large","max-video-preview":"max-video-preview:-1"},"canonical":"https:\/\/www.muzard-sarl.com\/en\/product\/defense-de-phacochere-8\/","og_locale":"en_GB","og_type":"article","og_title":"D\u00e9fense de Phacoch\u00e8re sci\u00e9e - Muzard SARL","og_description":"Dent de phacoch\u00e8re - Id\u00e9al pour la coutellerie d'art - Cr\u00e9ation de manche de couteau","og_url":"https:\/\/www.muzard-sarl.com\/en\/product\/defense-de-phacochere-8\/","og_site_name":"Muzard SARL","article_publisher":"https:\/\/www.facebook.com\/muzardSarl\/","article_modified_time":"2025-09-18T11:19:46+00:00","og_image":[{"width":1000,"height":1000,"url":"https:\/\/www.muzard-sarl.com\/wp-content\/uploads\/2023\/05\/Dephense-de-phacochere7.png","type":"image\/png"}],"twitter_card":"summary_large_image","twitter_misc":{"Estimated reading time":"1 minute"},"schema":{"@context":"https:\/\/schema.org","@graph":[{"@type":"WebPage","@id":"https:\/\/www.muzard-sarl.com\/produit\/defense-de-phacochere-8\/","url":"https:\/\/www.muzard-sarl.com\/produit\/defense-de-phacochere-8\/","name":"D\u00e9fense de Phacoch\u00e8re sci\u00e9e - Muzard SARL","isPartOf":{"@id":"https:\/\/www.muzard-sarl.com\/#website"},"datePublished":"2023-05-25T09:14:30+00:00","dateModified":"2025-09-18T11:19:46+00:00","description":"Dent de phacoch\u00e8re - Id\u00e9al pour la coutellerie d'art - Cr\u00e9ation de manche de couteau","breadcrumb":{"@id":"https:\/\/www.muzard-sarl.com\/produit\/defense-de-phacochere-8\/#breadcrumb"},"inLanguage":"en-GB","potentialAction":[{"@type":"ReadAction","target":["https:\/\/www.muzard-sarl.com\/produit\/defense-de-phacochere-8\/"]}]},{"@type":"BreadcrumbList","@id":"https:\/\/www.muzard-sarl.com\/produit\/defense-de-phacochere-8\/#breadcrumb","itemListElement":[{"@type":"ListItem","position":1,"name":"Accueil","item":"https:\/\/www.muzard-sarl.com\/"},{"@type":"ListItem","position":2,"name":"Boutique Mat\u00e9riaux de Coutellerie","item":"https:\/\/www.muzard-sarl.com\/boutique-en-ligne-materiaux-metier-dart\/"},{"@type":"ListItem","position":3,"name":"Autres mat\u00e9riaux","item":"https:\/\/www.muzard-sarl.com\/categorie-produit\/autres-materiaux\/"},{"@type":"ListItem","position":4,"name":"D\u00e9fense de Phacoch\u00e8re sci\u00e9e"}]},{"@type":"WebSite","@id":"https:\/\/www.muzard-sarl.com\/#website","url":"https:\/\/www.muzard-sarl.com\/","name":"Muzard SARL","description":"Manufacturer of wooden objects and horns since 1990","publisher":{"@id":"https:\/\/www.muzard-sarl.com\/#organization"},"potentialAction":[{"@type":"SearchAction","target":{"@type":"EntryPoint","urlTemplate":"https:\/\/www.muzard-sarl.com\/?s={search_term_string}"},"query-input":"required name=search_term_string"}],"inLanguage":"en-GB"},{"@type":"Organization","@id":"https:\/\/www.muzard-sarl.com\/#organization","name":"MUZARD SARL","url":"https:\/\/www.muzard-sarl.com\/","logo":{"@type":"ImageObject","inLanguage":"en-GB","@id":"https:\/\/www.muzard-sarl.com\/#\/schema\/logo\/image\/","url":"https:\/\/www.muzard-sarl.com\/wp-content\/uploads\/2022\/04\/cropped-cropped-Logo-Muzard-SARL-Site-Muzard-ok.png","contentUrl":"https:\/\/www.muzard-sarl.com\/wp-content\/uploads\/2022\/04\/cropped-cropped-Logo-Muzard-SARL-Site-Muzard-ok.png","width":1916,"height":413,"caption":"MUZARD SARL"},"image":{"@id":"https:\/\/www.muzard-sarl.com\/#\/schema\/logo\/image\/"},"sameAs":["https:\/\/www.facebook.com\/muzardSarl\/","https:\/\/www.instagram.com\/muzard_sarl\/?hl=fr"]}]}},"_links":{"self":[{"href":"https:\/\/www.muzard-sarl.com\/en\/wp-json\/wp\/v2\/product\/5250"}],"collection":[{"href":"https:\/\/www.muzard-sarl.com\/en\/wp-json\/wp\/v2\/product"}],"about":[{"href":"https:\/\/www.muzard-sarl.com\/en\/wp-json\/wp\/v2\/types\/product"}],"replies":[{"embeddable":true,"href":"https:\/\/www.muzard-sarl.com\/en\/wp-json\/wp\/v2\/comments?post=5250"}],"wp:featuredmedia":[{"embeddable":true,"href":"https:\/\/www.muzard-sarl.com\/en\/wp-json\/wp\/v2\/media\/13221"}],"wp:attachment":[{"href":"https:\/\/www.muzard-sarl.com\/en\/wp-json\/wp\/v2\/media?parent=5250"}],"wp:term":[{"taxonomy":"product_cat","embeddable":true,"href":"https:\/\/www.muzard-sarl.com\/en\/wp-json\/wp\/v2\/product_cat?post=5250"},{"taxonomy":"product_tag","embeddable":true,"href":"https:\/\/www.muzard-sarl.com\/en\/wp-json\/wp\/v2\/product_tag?post=5250"}],"curies":[{"name":"wp","href":"https:\/\/api.w.org\/{rel}","templated":true}]}}