{"id":6382,"date":"2026-03-10T09:01:54","date_gmt":"2026-03-10T08:01:54","guid":{"rendered":"https:\/\/www.muzard-sarl.com\/?post_type=product&#038;p=6382"},"modified":"2026-03-11T14:19:17","modified_gmt":"2026-03-11T13:19:17","slug":"carrelet-bouleau-madre-stabilise-teinte-violet","status":"publish","type":"product","link":"https:\/\/www.muzard-sarl.com\/en\/product\/carrelet-bouleau-madre-stabilise-teinte-violet\/","title":{"rendered":"Carrelet Bouleau Madr\u00e9 Stabilis\u00e9 Teint\u00e9 bi-colors Naturel et Vert"},"content":{"rendered":"<p>Bloc en bouleau madr\u00e9 stabilis\u00e9 et teint\u00e9 <strong>naturel et vert<\/strong> dans notre atelier \u00e0 Thiers.<\/p>\n<p>Notre bouleau madr\u00e9 (PEFC), en plus de son apparence exceptionnelle, est \u00e9galement tr\u00e8s appr\u00e9ci\u00e9 pour sa robustesse.<\/p>\n<p>Dimensions de <strong>140x40x30mm<\/strong> ce qui vous permettra de fabriquer plusieurs manches.<\/p>\n<p>Bois id\u00e9al pour vos r\u00e9alisations.<\/p>\n<p>MUZARD Sarl, fabricant de manche de couteaux depuis 1990.<\/p>\n<p>Transformateur de mat\u00e9riaux naturels, corne, os, bois pr\u00e9cieux et nobles.<\/p>","protected":false},"excerpt":{"rendered":"<p>Dimensions : 140 x 40 x 30 mm<\/p>","protected":false},"featured_media":14751,"comment_status":"closed","ping_status":"closed","template":"","meta":{"_vp_format_video_url":"","_vp_image_focal_point":[]},"product_cat":[236],"product_tag":[],"acf":[],"yoast_head":"<!-- This site is optimized with the Yoast SEO plugin v20.13 - https:\/\/yoast.com\/wordpress\/plugins\/seo\/ -->\n<title>Carrelet Bouleau Madr\u00e9 Stabilis\u00e9 Teint\u00e9 bi-colors Naturel et Vert - Muzard SARL<\/title>\n<meta name=\"description\" content=\"Carrelet Bouleau Madr\u00e9 Stabilis\u00e9 Teint\u00e9 bi-colors Naturel et Vert - Muzard SARL Carrelet en Bouleau madr\u00e9 stabilis\u00e9 et teint\u00e9 dans notre atelier\" \/>\n<meta name=\"robots\" content=\"index, follow, max-snippet:-1, max-image-preview:large, max-video-preview:-1\" \/>\n<link rel=\"canonical\" href=\"https:\/\/www.muzard-sarl.com\/en\/product\/carrelet-bouleau-madre-stabilise-teinte-violet\/\" \/>\n<meta property=\"og:locale\" content=\"en_GB\" \/>\n<meta property=\"og:type\" content=\"article\" \/>\n<meta property=\"og:title\" content=\"Carrelet Bouleau Madr\u00e9 Stabilis\u00e9 Teint\u00e9 bi-colors Naturel et Vert - Muzard SARL\" \/>\n<meta property=\"og:description\" content=\"Carrelet Bouleau Madr\u00e9 Stabilis\u00e9 Teint\u00e9 bi-colors Naturel et Vert - Muzard SARL Carrelet en Bouleau madr\u00e9 stabilis\u00e9 et teint\u00e9 dans notre atelier\" \/>\n<meta property=\"og:url\" content=\"https:\/\/www.muzard-sarl.com\/en\/product\/carrelet-bouleau-madre-stabilise-teinte-violet\/\" \/>\n<meta property=\"og:site_name\" content=\"Muzard SARL\" \/>\n<meta property=\"article:publisher\" content=\"https:\/\/www.facebook.com\/muzardSarl\/\" \/>\n<meta property=\"article:modified_time\" content=\"2026-03-11T13:19:17+00:00\" \/>\n<meta property=\"og:image\" content=\"https:\/\/www.muzard-sarl.com\/wp-content\/uploads\/2026\/03\/bloc-bouleau-madre-stabilisee-et-teinte4.png\" \/>\n\t<meta property=\"og:image:width\" content=\"1000\" \/>\n\t<meta property=\"og:image:height\" content=\"1000\" \/>\n\t<meta property=\"og:image:type\" content=\"image\/png\" \/>\n<meta name=\"twitter:card\" content=\"summary_large_image\" \/>\n<meta name=\"twitter:label1\" content=\"Estimated reading time\" \/>\n\t<meta name=\"twitter:data1\" content=\"1 minute\" \/>\n<script type=\"application\/ld+json\" class=\"yoast-schema-graph\">{\"@context\":\"https:\/\/schema.org\",\"@graph\":[{\"@type\":\"WebPage\",\"@id\":\"https:\/\/www.muzard-sarl.com\/produit\/carrelet-bouleau-madre-stabilise-teinte-violet\/\",\"url\":\"https:\/\/www.muzard-sarl.com\/produit\/carrelet-bouleau-madre-stabilise-teinte-violet\/\",\"name\":\"Carrelet Bouleau Madr\u00e9 Stabilis\u00e9 Teint\u00e9 bi-colors Naturel et Vert - Muzard SARL\",\"isPartOf\":{\"@id\":\"https:\/\/www.muzard-sarl.com\/#website\"},\"datePublished\":\"2026-03-10T08:01:54+00:00\",\"dateModified\":\"2026-03-11T13:19:17+00:00\",\"description\":\"Carrelet Bouleau Madr\u00e9 Stabilis\u00e9 Teint\u00e9 bi-colors Naturel et Vert - Muzard SARL Carrelet en Bouleau madr\u00e9 stabilis\u00e9 et teint\u00e9 dans notre atelier\",\"breadcrumb\":{\"@id\":\"https:\/\/www.muzard-sarl.com\/produit\/carrelet-bouleau-madre-stabilise-teinte-violet\/#breadcrumb\"},\"inLanguage\":\"en-GB\",\"potentialAction\":[{\"@type\":\"ReadAction\",\"target\":[\"https:\/\/www.muzard-sarl.com\/produit\/carrelet-bouleau-madre-stabilise-teinte-violet\/\"]}]},{\"@type\":\"BreadcrumbList\",\"@id\":\"https:\/\/www.muzard-sarl.com\/produit\/carrelet-bouleau-madre-stabilise-teinte-violet\/#breadcrumb\",\"itemListElement\":[{\"@type\":\"ListItem\",\"position\":1,\"name\":\"Accueil\",\"item\":\"https:\/\/www.muzard-sarl.com\/\"},{\"@type\":\"ListItem\",\"position\":2,\"name\":\"Boutique Mat\u00e9riaux de Coutellerie\",\"item\":\"https:\/\/www.muzard-sarl.com\/boutique-en-ligne-materiaux-metier-dart\/\"},{\"@type\":\"ListItem\",\"position\":3,\"name\":\"Bois stabilis\u00e9 et teint\u00e9\",\"item\":\"https:\/\/www.muzard-sarl.com\/categorie-produit\/bois-stabilise-et-teinte\/\"},{\"@type\":\"ListItem\",\"position\":4,\"name\":\"Carrelet Bouleau Madr\u00e9 Stabilis\u00e9 Teint\u00e9 bi-colors Naturel et Vert\"}]},{\"@type\":\"WebSite\",\"@id\":\"https:\/\/www.muzard-sarl.com\/#website\",\"url\":\"https:\/\/www.muzard-sarl.com\/\",\"name\":\"Muzard SARL\",\"description\":\"Fabricant d&#039;objets en bois et corne depuis 1990\",\"publisher\":{\"@id\":\"https:\/\/www.muzard-sarl.com\/#organization\"},\"potentialAction\":[{\"@type\":\"SearchAction\",\"target\":{\"@type\":\"EntryPoint\",\"urlTemplate\":\"https:\/\/www.muzard-sarl.com\/?s={search_term_string}\"},\"query-input\":\"required name=search_term_string\"}],\"inLanguage\":\"en-GB\"},{\"@type\":\"Organization\",\"@id\":\"https:\/\/www.muzard-sarl.com\/#organization\",\"name\":\"MUZARD SARL\",\"url\":\"https:\/\/www.muzard-sarl.com\/\",\"logo\":{\"@type\":\"ImageObject\",\"inLanguage\":\"en-GB\",\"@id\":\"https:\/\/www.muzard-sarl.com\/#\/schema\/logo\/image\/\",\"url\":\"https:\/\/www.muzard-sarl.com\/wp-content\/uploads\/2022\/04\/cropped-cropped-Logo-Muzard-SARL-Site-Muzard-ok.png\",\"contentUrl\":\"https:\/\/www.muzard-sarl.com\/wp-content\/uploads\/2022\/04\/cropped-cropped-Logo-Muzard-SARL-Site-Muzard-ok.png\",\"width\":1916,\"height\":413,\"caption\":\"MUZARD SARL\"},\"image\":{\"@id\":\"https:\/\/www.muzard-sarl.com\/#\/schema\/logo\/image\/\"},\"sameAs\":[\"https:\/\/www.facebook.com\/muzardSarl\/\",\"https:\/\/www.instagram.com\/muzard_sarl\/?hl=fr\"]}]}<\/script>\n<!-- \/ Yoast SEO plugin. -->","yoast_head_json":{"title":"Carrelet Bouleau Madr\u00e9 Stabilis\u00e9 Teint\u00e9 bi-colors Naturel et Vert - Muzard SARL","description":"Carrelet Bouleau Madr\u00e9 Stabilis\u00e9 Teint\u00e9 bi-colors Naturel et Vert - Muzard SARL Carrelet en Bouleau madr\u00e9 stabilis\u00e9 et teint\u00e9 dans notre atelier","robots":{"index":"index","follow":"follow","max-snippet":"max-snippet:-1","max-image-preview":"max-image-preview:large","max-video-preview":"max-video-preview:-1"},"canonical":"https:\/\/www.muzard-sarl.com\/en\/product\/carrelet-bouleau-madre-stabilise-teinte-violet\/","og_locale":"en_GB","og_type":"article","og_title":"Carrelet Bouleau Madr\u00e9 Stabilis\u00e9 Teint\u00e9 bi-colors Naturel et Vert - Muzard SARL","og_description":"Carrelet Bouleau Madr\u00e9 Stabilis\u00e9 Teint\u00e9 bi-colors Naturel et Vert - Muzard SARL Carrelet en Bouleau madr\u00e9 stabilis\u00e9 et teint\u00e9 dans notre atelier","og_url":"https:\/\/www.muzard-sarl.com\/en\/product\/carrelet-bouleau-madre-stabilise-teinte-violet\/","og_site_name":"Muzard SARL","article_publisher":"https:\/\/www.facebook.com\/muzardSarl\/","article_modified_time":"2026-03-11T13:19:17+00:00","og_image":[{"width":1000,"height":1000,"url":"https:\/\/www.muzard-sarl.com\/wp-content\/uploads\/2026\/03\/bloc-bouleau-madre-stabilisee-et-teinte4.png","type":"image\/png"}],"twitter_card":"summary_large_image","twitter_misc":{"Estimated reading time":"1 minute"},"schema":{"@context":"https:\/\/schema.org","@graph":[{"@type":"WebPage","@id":"https:\/\/www.muzard-sarl.com\/produit\/carrelet-bouleau-madre-stabilise-teinte-violet\/","url":"https:\/\/www.muzard-sarl.com\/produit\/carrelet-bouleau-madre-stabilise-teinte-violet\/","name":"Carrelet Bouleau Madr\u00e9 Stabilis\u00e9 Teint\u00e9 bi-colors Naturel et Vert - Muzard SARL","isPartOf":{"@id":"https:\/\/www.muzard-sarl.com\/#website"},"datePublished":"2026-03-10T08:01:54+00:00","dateModified":"2026-03-11T13:19:17+00:00","description":"Carrelet Bouleau Madr\u00e9 Stabilis\u00e9 Teint\u00e9 bi-colors Naturel et Vert - Muzard SARL Carrelet en Bouleau madr\u00e9 stabilis\u00e9 et teint\u00e9 dans notre atelier","breadcrumb":{"@id":"https:\/\/www.muzard-sarl.com\/produit\/carrelet-bouleau-madre-stabilise-teinte-violet\/#breadcrumb"},"inLanguage":"en-GB","potentialAction":[{"@type":"ReadAction","target":["https:\/\/www.muzard-sarl.com\/produit\/carrelet-bouleau-madre-stabilise-teinte-violet\/"]}]},{"@type":"BreadcrumbList","@id":"https:\/\/www.muzard-sarl.com\/produit\/carrelet-bouleau-madre-stabilise-teinte-violet\/#breadcrumb","itemListElement":[{"@type":"ListItem","position":1,"name":"Accueil","item":"https:\/\/www.muzard-sarl.com\/"},{"@type":"ListItem","position":2,"name":"Boutique Mat\u00e9riaux de Coutellerie","item":"https:\/\/www.muzard-sarl.com\/boutique-en-ligne-materiaux-metier-dart\/"},{"@type":"ListItem","position":3,"name":"Bois stabilis\u00e9 et teint\u00e9","item":"https:\/\/www.muzard-sarl.com\/categorie-produit\/bois-stabilise-et-teinte\/"},{"@type":"ListItem","position":4,"name":"Carrelet Bouleau Madr\u00e9 Stabilis\u00e9 Teint\u00e9 bi-colors Naturel et Vert"}]},{"@type":"WebSite","@id":"https:\/\/www.muzard-sarl.com\/#website","url":"https:\/\/www.muzard-sarl.com\/","name":"Muzard SARL","description":"Manufacturer of wooden objects and horns since 1990","publisher":{"@id":"https:\/\/www.muzard-sarl.com\/#organization"},"potentialAction":[{"@type":"SearchAction","target":{"@type":"EntryPoint","urlTemplate":"https:\/\/www.muzard-sarl.com\/?s={search_term_string}"},"query-input":"required name=search_term_string"}],"inLanguage":"en-GB"},{"@type":"Organization","@id":"https:\/\/www.muzard-sarl.com\/#organization","name":"MUZARD SARL","url":"https:\/\/www.muzard-sarl.com\/","logo":{"@type":"ImageObject","inLanguage":"en-GB","@id":"https:\/\/www.muzard-sarl.com\/#\/schema\/logo\/image\/","url":"https:\/\/www.muzard-sarl.com\/wp-content\/uploads\/2022\/04\/cropped-cropped-Logo-Muzard-SARL-Site-Muzard-ok.png","contentUrl":"https:\/\/www.muzard-sarl.com\/wp-content\/uploads\/2022\/04\/cropped-cropped-Logo-Muzard-SARL-Site-Muzard-ok.png","width":1916,"height":413,"caption":"MUZARD SARL"},"image":{"@id":"https:\/\/www.muzard-sarl.com\/#\/schema\/logo\/image\/"},"sameAs":["https:\/\/www.facebook.com\/muzardSarl\/","https:\/\/www.instagram.com\/muzard_sarl\/?hl=fr"]}]}},"_links":{"self":[{"href":"https:\/\/www.muzard-sarl.com\/en\/wp-json\/wp\/v2\/product\/6382"}],"collection":[{"href":"https:\/\/www.muzard-sarl.com\/en\/wp-json\/wp\/v2\/product"}],"about":[{"href":"https:\/\/www.muzard-sarl.com\/en\/wp-json\/wp\/v2\/types\/product"}],"replies":[{"embeddable":true,"href":"https:\/\/www.muzard-sarl.com\/en\/wp-json\/wp\/v2\/comments?post=6382"}],"wp:featuredmedia":[{"embeddable":true,"href":"https:\/\/www.muzard-sarl.com\/en\/wp-json\/wp\/v2\/media\/14751"}],"wp:attachment":[{"href":"https:\/\/www.muzard-sarl.com\/en\/wp-json\/wp\/v2\/media?parent=6382"}],"wp:term":[{"taxonomy":"product_cat","embeddable":true,"href":"https:\/\/www.muzard-sarl.com\/en\/wp-json\/wp\/v2\/product_cat?post=6382"},{"taxonomy":"product_tag","embeddable":true,"href":"https:\/\/www.muzard-sarl.com\/en\/wp-json\/wp\/v2\/product_tag?post=6382"}],"curies":[{"name":"wp","href":"https:\/\/api.w.org\/{rel}","templated":true}]}}