{"id":9404,"date":"2024-04-04T16:43:14","date_gmt":"2024-04-04T14:43:14","guid":{"rendered":"https:\/\/www.muzard-sarl.com\/?post_type=product&#038;p=9404"},"modified":"2024-12-18T14:46:17","modified_gmt":"2024-12-18T13:46:17","slug":"plaquettes-loupe-de-manguier-stabilisee-9","status":"publish","type":"product","link":"https:\/\/www.muzard-sarl.com\/en\/product\/plaquettes-loupe-de-manguier-stabilisee-9\/","title":{"rendered":"Plaquettes Loupe de Manguier stabilis\u00e9e"},"content":{"rendered":"<p>Paire de plaquettes en Manguier stabilis\u00e9 150x35x7 mm<\/p>\n<p>D\u00e9coup\u00e9 et stabilis\u00e9 dans notre atelier \u00e0 Thiers<\/p>\n<p>Origine : Indon\u00e9sie<\/p>","protected":false},"excerpt":{"rendered":"<p>Dimensions : 150 x 35 x 7 mm<\/p>","protected":false},"featured_media":11192,"comment_status":"closed","ping_status":"closed","template":"","meta":{"_vp_format_video_url":"","_vp_image_focal_point":[]},"product_cat":[399],"product_tag":[],"acf":[],"yoast_head":"<!-- This site is optimized with the Yoast SEO plugin v20.13 - https:\/\/yoast.com\/wordpress\/plugins\/seo\/ -->\n<title>Plaquettes Loupe de Manguier stabilis\u00e9e - Muzard SARL<\/title>\n<meta name=\"description\" content=\"Plaquettes Loupe de Manguier stabilis\u00e9e - Muzard SARL Paire de plaquettes en manguier stabilis\u00e9. Id\u00e9al pour vos futurs cr\u00e9ations.\" \/>\n<meta name=\"robots\" content=\"index, follow, max-snippet:-1, max-image-preview:large, max-video-preview:-1\" \/>\n<link rel=\"canonical\" href=\"https:\/\/www.muzard-sarl.com\/en\/product\/plaquettes-loupe-de-manguier-stabilisee-9\/\" \/>\n<meta property=\"og:locale\" content=\"en_GB\" \/>\n<meta property=\"og:type\" content=\"article\" \/>\n<meta property=\"og:title\" content=\"Plaquettes Loupe de Manguier stabilis\u00e9e - Muzard SARL\" \/>\n<meta property=\"og:description\" content=\"Plaquettes Loupe de Manguier stabilis\u00e9e - Muzard SARL Paire de plaquettes en manguier stabilis\u00e9. Id\u00e9al pour vos futurs cr\u00e9ations.\" \/>\n<meta property=\"og:url\" content=\"https:\/\/www.muzard-sarl.com\/en\/product\/plaquettes-loupe-de-manguier-stabilisee-9\/\" \/>\n<meta property=\"og:site_name\" content=\"Muzard SARL\" \/>\n<meta property=\"article:publisher\" content=\"https:\/\/www.facebook.com\/muzardSarl\/\" \/>\n<meta property=\"article:modified_time\" content=\"2024-12-18T13:46:17+00:00\" \/>\n<meta property=\"og:image\" content=\"https:\/\/www.muzard-sarl.com\/wp-content\/uploads\/2024\/04\/plaquettes-manguier.png\" \/>\n\t<meta property=\"og:image:width\" content=\"1000\" \/>\n\t<meta property=\"og:image:height\" content=\"1000\" \/>\n\t<meta property=\"og:image:type\" content=\"image\/png\" \/>\n<meta name=\"twitter:card\" content=\"summary_large_image\" \/>\n<meta name=\"twitter:label1\" content=\"Estimated reading time\" \/>\n\t<meta name=\"twitter:data1\" content=\"1 minute\" \/>\n<script type=\"application\/ld+json\" class=\"yoast-schema-graph\">{\"@context\":\"https:\/\/schema.org\",\"@graph\":[{\"@type\":\"WebPage\",\"@id\":\"https:\/\/www.muzard-sarl.com\/produit\/plaquettes-loupe-de-manguier-stabilisee-9\/\",\"url\":\"https:\/\/www.muzard-sarl.com\/produit\/plaquettes-loupe-de-manguier-stabilisee-9\/\",\"name\":\"Plaquettes Loupe de Manguier stabilis\u00e9e - Muzard SARL\",\"isPartOf\":{\"@id\":\"https:\/\/www.muzard-sarl.com\/#website\"},\"datePublished\":\"2024-04-04T14:43:14+00:00\",\"dateModified\":\"2024-12-18T13:46:17+00:00\",\"description\":\"Plaquettes Loupe de Manguier stabilis\u00e9e - Muzard SARL Paire de plaquettes en manguier stabilis\u00e9. Id\u00e9al pour vos futurs cr\u00e9ations.\",\"breadcrumb\":{\"@id\":\"https:\/\/www.muzard-sarl.com\/produit\/plaquettes-loupe-de-manguier-stabilisee-9\/#breadcrumb\"},\"inLanguage\":\"en-GB\",\"potentialAction\":[{\"@type\":\"ReadAction\",\"target\":[\"https:\/\/www.muzard-sarl.com\/produit\/plaquettes-loupe-de-manguier-stabilisee-9\/\"]}]},{\"@type\":\"BreadcrumbList\",\"@id\":\"https:\/\/www.muzard-sarl.com\/produit\/plaquettes-loupe-de-manguier-stabilisee-9\/#breadcrumb\",\"itemListElement\":[{\"@type\":\"ListItem\",\"position\":1,\"name\":\"Accueil\",\"item\":\"https:\/\/www.muzard-sarl.com\/\"},{\"@type\":\"ListItem\",\"position\":2,\"name\":\"Boutique Mat\u00e9riaux de Coutellerie\",\"item\":\"https:\/\/www.muzard-sarl.com\/boutique-en-ligne-materiaux-metier-dart\/\"},{\"@type\":\"ListItem\",\"position\":3,\"name\":\"Plaquettes et carrelets en Bois\",\"item\":\"https:\/\/www.muzard-sarl.com\/categorie-produit\/plaquettes-et-carrelets-en-bois\/\"},{\"@type\":\"ListItem\",\"position\":4,\"name\":\"Manguier stabilis\u00e9 (Loupe)\",\"item\":\"https:\/\/www.muzard-sarl.com\/categorie-produit\/plaquettes-et-carrelets-en-bois\/loupe-manguier\/\"},{\"@type\":\"ListItem\",\"position\":5,\"name\":\"Plaquettes Loupe de Manguier stabilis\u00e9e\"}]},{\"@type\":\"WebSite\",\"@id\":\"https:\/\/www.muzard-sarl.com\/#website\",\"url\":\"https:\/\/www.muzard-sarl.com\/\",\"name\":\"Muzard SARL\",\"description\":\"Fabricant d&#039;objets en bois et corne depuis 1990\",\"publisher\":{\"@id\":\"https:\/\/www.muzard-sarl.com\/#organization\"},\"potentialAction\":[{\"@type\":\"SearchAction\",\"target\":{\"@type\":\"EntryPoint\",\"urlTemplate\":\"https:\/\/www.muzard-sarl.com\/?s={search_term_string}\"},\"query-input\":\"required name=search_term_string\"}],\"inLanguage\":\"en-GB\"},{\"@type\":\"Organization\",\"@id\":\"https:\/\/www.muzard-sarl.com\/#organization\",\"name\":\"MUZARD SARL\",\"url\":\"https:\/\/www.muzard-sarl.com\/\",\"logo\":{\"@type\":\"ImageObject\",\"inLanguage\":\"en-GB\",\"@id\":\"https:\/\/www.muzard-sarl.com\/#\/schema\/logo\/image\/\",\"url\":\"https:\/\/www.muzard-sarl.com\/wp-content\/uploads\/2022\/04\/cropped-cropped-Logo-Muzard-SARL-Site-Muzard-ok.png\",\"contentUrl\":\"https:\/\/www.muzard-sarl.com\/wp-content\/uploads\/2022\/04\/cropped-cropped-Logo-Muzard-SARL-Site-Muzard-ok.png\",\"width\":1916,\"height\":413,\"caption\":\"MUZARD SARL\"},\"image\":{\"@id\":\"https:\/\/www.muzard-sarl.com\/#\/schema\/logo\/image\/\"},\"sameAs\":[\"https:\/\/www.facebook.com\/muzardSarl\/\",\"https:\/\/www.instagram.com\/muzard_sarl\/?hl=fr\"]}]}<\/script>\n<!-- \/ Yoast SEO plugin. -->","yoast_head_json":{"title":"Plaquettes Loupe de Manguier stabilis\u00e9e - Muzard SARL","description":"Plaquettes Loupe de Manguier stabilis\u00e9e - Muzard SARL Paire de plaquettes en manguier stabilis\u00e9. Id\u00e9al pour vos futurs cr\u00e9ations.","robots":{"index":"index","follow":"follow","max-snippet":"max-snippet:-1","max-image-preview":"max-image-preview:large","max-video-preview":"max-video-preview:-1"},"canonical":"https:\/\/www.muzard-sarl.com\/en\/product\/plaquettes-loupe-de-manguier-stabilisee-9\/","og_locale":"en_GB","og_type":"article","og_title":"Plaquettes Loupe de Manguier stabilis\u00e9e - Muzard SARL","og_description":"Plaquettes Loupe de Manguier stabilis\u00e9e - Muzard SARL Paire de plaquettes en manguier stabilis\u00e9. Id\u00e9al pour vos futurs cr\u00e9ations.","og_url":"https:\/\/www.muzard-sarl.com\/en\/product\/plaquettes-loupe-de-manguier-stabilisee-9\/","og_site_name":"Muzard SARL","article_publisher":"https:\/\/www.facebook.com\/muzardSarl\/","article_modified_time":"2024-12-18T13:46:17+00:00","og_image":[{"width":1000,"height":1000,"url":"https:\/\/www.muzard-sarl.com\/wp-content\/uploads\/2024\/04\/plaquettes-manguier.png","type":"image\/png"}],"twitter_card":"summary_large_image","twitter_misc":{"Estimated reading time":"1 minute"},"schema":{"@context":"https:\/\/schema.org","@graph":[{"@type":"WebPage","@id":"https:\/\/www.muzard-sarl.com\/produit\/plaquettes-loupe-de-manguier-stabilisee-9\/","url":"https:\/\/www.muzard-sarl.com\/produit\/plaquettes-loupe-de-manguier-stabilisee-9\/","name":"Plaquettes Loupe de Manguier stabilis\u00e9e - Muzard SARL","isPartOf":{"@id":"https:\/\/www.muzard-sarl.com\/#website"},"datePublished":"2024-04-04T14:43:14+00:00","dateModified":"2024-12-18T13:46:17+00:00","description":"Plaquettes Loupe de Manguier stabilis\u00e9e - Muzard SARL Paire de plaquettes en manguier stabilis\u00e9. Id\u00e9al pour vos futurs cr\u00e9ations.","breadcrumb":{"@id":"https:\/\/www.muzard-sarl.com\/produit\/plaquettes-loupe-de-manguier-stabilisee-9\/#breadcrumb"},"inLanguage":"en-GB","potentialAction":[{"@type":"ReadAction","target":["https:\/\/www.muzard-sarl.com\/produit\/plaquettes-loupe-de-manguier-stabilisee-9\/"]}]},{"@type":"BreadcrumbList","@id":"https:\/\/www.muzard-sarl.com\/produit\/plaquettes-loupe-de-manguier-stabilisee-9\/#breadcrumb","itemListElement":[{"@type":"ListItem","position":1,"name":"Accueil","item":"https:\/\/www.muzard-sarl.com\/"},{"@type":"ListItem","position":2,"name":"Boutique Mat\u00e9riaux de Coutellerie","item":"https:\/\/www.muzard-sarl.com\/boutique-en-ligne-materiaux-metier-dart\/"},{"@type":"ListItem","position":3,"name":"Plaquettes et carrelets en Bois","item":"https:\/\/www.muzard-sarl.com\/categorie-produit\/plaquettes-et-carrelets-en-bois\/"},{"@type":"ListItem","position":4,"name":"Manguier stabilis\u00e9 (Loupe)","item":"https:\/\/www.muzard-sarl.com\/categorie-produit\/plaquettes-et-carrelets-en-bois\/loupe-manguier\/"},{"@type":"ListItem","position":5,"name":"Plaquettes Loupe de Manguier stabilis\u00e9e"}]},{"@type":"WebSite","@id":"https:\/\/www.muzard-sarl.com\/#website","url":"https:\/\/www.muzard-sarl.com\/","name":"Muzard SARL","description":"Manufacturer of wooden objects and horns since 1990","publisher":{"@id":"https:\/\/www.muzard-sarl.com\/#organization"},"potentialAction":[{"@type":"SearchAction","target":{"@type":"EntryPoint","urlTemplate":"https:\/\/www.muzard-sarl.com\/?s={search_term_string}"},"query-input":"required name=search_term_string"}],"inLanguage":"en-GB"},{"@type":"Organization","@id":"https:\/\/www.muzard-sarl.com\/#organization","name":"MUZARD SARL","url":"https:\/\/www.muzard-sarl.com\/","logo":{"@type":"ImageObject","inLanguage":"en-GB","@id":"https:\/\/www.muzard-sarl.com\/#\/schema\/logo\/image\/","url":"https:\/\/www.muzard-sarl.com\/wp-content\/uploads\/2022\/04\/cropped-cropped-Logo-Muzard-SARL-Site-Muzard-ok.png","contentUrl":"https:\/\/www.muzard-sarl.com\/wp-content\/uploads\/2022\/04\/cropped-cropped-Logo-Muzard-SARL-Site-Muzard-ok.png","width":1916,"height":413,"caption":"MUZARD SARL"},"image":{"@id":"https:\/\/www.muzard-sarl.com\/#\/schema\/logo\/image\/"},"sameAs":["https:\/\/www.facebook.com\/muzardSarl\/","https:\/\/www.instagram.com\/muzard_sarl\/?hl=fr"]}]}},"_links":{"self":[{"href":"https:\/\/www.muzard-sarl.com\/en\/wp-json\/wp\/v2\/product\/9404"}],"collection":[{"href":"https:\/\/www.muzard-sarl.com\/en\/wp-json\/wp\/v2\/product"}],"about":[{"href":"https:\/\/www.muzard-sarl.com\/en\/wp-json\/wp\/v2\/types\/product"}],"replies":[{"embeddable":true,"href":"https:\/\/www.muzard-sarl.com\/en\/wp-json\/wp\/v2\/comments?post=9404"}],"wp:featuredmedia":[{"embeddable":true,"href":"https:\/\/www.muzard-sarl.com\/en\/wp-json\/wp\/v2\/media\/11192"}],"wp:attachment":[{"href":"https:\/\/www.muzard-sarl.com\/en\/wp-json\/wp\/v2\/media?parent=9404"}],"wp:term":[{"taxonomy":"product_cat","embeddable":true,"href":"https:\/\/www.muzard-sarl.com\/en\/wp-json\/wp\/v2\/product_cat?post=9404"},{"taxonomy":"product_tag","embeddable":true,"href":"https:\/\/www.muzard-sarl.com\/en\/wp-json\/wp\/v2\/product_tag?post=9404"}],"curies":[{"name":"wp","href":"https:\/\/api.w.org\/{rel}","templated":true}]}}